{"id":1483,"date":"2023-01-17T11:30:25","date_gmt":"2023-01-17T10:30:25","guid":{"rendered":"http:\/\/indesmalla.com\/?page_id=1483"},"modified":"2024-11-05T10:42:40","modified_gmt":"2024-11-05T09:42:40","slug":"recycled","status":"publish","type":"page","link":"https:\/\/indesmalla.com\/en\/recycled\/","title":{"rendered":"RECICLADO"},"content":{"rendered":"<div data-elementor-type=\"wp-post\" data-elementor-id=\"1483\" class=\"elementor elementor-1483\" data-elementor-post-type=\"page\">\n\t\t\t\t\t\t<section class=\"elementor-section elementor-top-section elementor-element elementor-element-df5b02f elementor-section-height-min-height elementor-section-items-stretch elementor-section-content-top caixetes-productes elementor-section-boxed elementor-section-height-default\" data-id=\"df5b02f\" data-element_type=\"section\" data-settings=\"{&quot;background_background&quot;:&quot;classic&quot;}\">\n\t\t\t\t\t\t<div class=\"elementor-container elementor-column-gap-no\">\n\t\t\t\t\t<div class=\"elementor-column elementor-col-50 elementor-top-column elementor-element elementor-element-4799077 columna\" data-id=\"4799077\" data-element_type=\"column\">\n\t\t\t<div class=\"elementor-widget-wrap elementor-element-populated\">\n\t\t\t\t\t\t<div class=\"elementor-element elementor-element-0a5d2d0 text-producte elementor-vertical-align-top elementor-widget elementor-widget-image-box\" data-id=\"0a5d2d0\" data-element_type=\"widget\" data-settings=\"{&quot;sticky&quot;:&quot;top&quot;,&quot;sticky_offset&quot;:165,&quot;sticky_parent&quot;:&quot;yes&quot;,&quot;sticky_on&quot;:[&quot;desktop&quot;,&quot;tablet&quot;,&quot;mobile&quot;],&quot;sticky_effects_offset&quot;:0,&quot;sticky_anchor_link_offset&quot;:0}\" data-widget_type=\"image-box.default\">\n\t\t\t\t<div class=\"elementor-widget-container\">\n\t\t\t\t\t<div class=\"elementor-image-box-wrapper\"><div class=\"elementor-image-box-content\"><h3 class=\"elementor-image-box-title\">RECYCLING<\/h3><p class=\"elementor-image-box-description\">Collection of items made with recycled polyester or polyamide yarn. All our recycled products are certified with the Global Recycle Standard (GRS) certificate.<\/p><\/div><\/div>\t\t\t\t<\/div>\n\t\t\t\t<\/div>\n\t\t\t\t\t<\/div>\n\t\t<\/div>\n\t\t\t\t<div class=\"elementor-column elementor-col-50 elementor-top-column elementor-element elementor-element-1403768\" data-id=\"1403768\" data-element_type=\"column\">\n\t\t\t<div class=\"elementor-widget-wrap elementor-element-populated\">\n\t\t\t\t\t\t<section class=\"elementor-section elementor-inner-section elementor-element elementor-element-0032345 casillas elementor-section-boxed elementor-section-height-default elementor-section-height-default\" data-id=\"0032345\" data-element_type=\"section\">\n\t\t\t\t\t\t<div class=\"elementor-container elementor-column-gap-default\">\n\t\t\t\t\t<div class=\"elementor-column elementor-col-50 elementor-inner-column elementor-element elementor-element-bf65eae\" data-id=\"bf65eae\" data-element_type=\"column\">\n\t\t\t<div class=\"elementor-widget-wrap elementor-element-populated\">\n\t\t\t\t\t\t<div class=\"elementor-element elementor-element-33804e9 oew-flip-box-direction-down oew-flip-box-effect-flip oew-flip-box-3d-yes elementor-widget elementor-widget-oew-flip-box\" data-id=\"33804e9\" data-element_type=\"widget\" data-widget_type=\"oew-flip-box.default\">\n\t\t\t\t<div class=\"elementor-widget-container\">\n\t\t\t\t\t\n\t\t<div class=\"oew-flip-box\">\n\n\t\t\t<div class=\"oew-flip-box-layer oew-flip-box-front\">\n\t\t\t\t<div class=\"oew-flip-box-layer-overlay\">\n\t\t\t\t\t<div class=\"oew-flip-box-layer-inner\">\n\t\t\t\t\t\t\t\t\t\t\t\t\t<div class=\"oew-flip-box-image\">\n\t\t\t\t\t\t\t\t<img fetchpriority=\"high\" decoding=\"async\" width=\"2068\" height=\"2068\" src=\"https:\/\/indesmalla.com\/wp-content\/uploads\/2023\/01\/04_Y755-1.jpg\" class=\"attachment-full size-full wp-image-1494\" alt=\"\" srcset=\"https:\/\/indesmalla.com\/wp-content\/uploads\/2023\/01\/04_Y755-1.jpg 2068w, https:\/\/indesmalla.com\/wp-content\/uploads\/2023\/01\/04_Y755-1-300x300.jpg 300w, https:\/\/indesmalla.com\/wp-content\/uploads\/2023\/01\/04_Y755-1-1024x1024.jpg 1024w, https:\/\/indesmalla.com\/wp-content\/uploads\/2023\/01\/04_Y755-1-150x150.jpg 150w, https:\/\/indesmalla.com\/wp-content\/uploads\/2023\/01\/04_Y755-1-768x768.jpg 768w, https:\/\/indesmalla.com\/wp-content\/uploads\/2023\/01\/04_Y755-1-1536x1536.jpg 1536w, https:\/\/indesmalla.com\/wp-content\/uploads\/2023\/01\/04_Y755-1-2048x2048.jpg 2048w, https:\/\/indesmalla.com\/wp-content\/uploads\/2023\/01\/04_Y755-1-600x600.jpg 600w\" sizes=\"(max-width: 2068px) 100vw, 2068px\" \/>\t\t\t\t\t\t\t<\/div>\n\t\t\t\t\t\t\t\t\t\t\t\t<\/div>\n\t\t\t\t<\/div>\n\t\t\t<\/div>\n\n\t\t\t<div class=\"oew-flip-box-layer oew-flip-box-back\">\n\t\t\t\t<div class=\"oew-flip-box-layer-overlay\">\n\t\t\t\t\t<div class=\"oew-flip-box-layer-inner\">\n\t\t\t\t\t\t\t\t\t\t\t\t\t<h3 class=\"oew-flip-box-layer-title\">\n\t\t\t\t\t\t\t\tY755\t\t\t\t\t\t\t<\/h3>\n\t\t\t\t\t\t\t\t\t\t\t\t\t\t<div class=\"oew-flip-box-layer-desc\">\n\t\t\t\t\t\t\t\t86% PES Recycled - 14% EA<br>145 cm<br>140 g\/m\u00b2\t\t\t\t\t\t\t<\/div>\n\t\t\t\t\t\t\t\t\t\t\t\t<\/div>\n\t\t\t\t<\/div>\n\t\t\t<\/div>\n\n\t\t<\/div>\n\n\t\t\t\t\t\t<\/div>\n\t\t\t\t<\/div>\n\t\t\t\t\t<\/div>\n\t\t<\/div>\n\t\t\t\t<div class=\"elementor-column elementor-col-50 elementor-inner-column elementor-element elementor-element-36f13b7\" data-id=\"36f13b7\" data-element_type=\"column\">\n\t\t\t<div class=\"elementor-widget-wrap elementor-element-populated\">\n\t\t\t\t\t\t<div class=\"elementor-element elementor-element-3139475 oew-flip-box-direction-down oew-flip-box-effect-flip oew-flip-box-3d-yes elementor-widget elementor-widget-oew-flip-box\" data-id=\"3139475\" data-element_type=\"widget\" data-widget_type=\"oew-flip-box.default\">\n\t\t\t\t<div class=\"elementor-widget-container\">\n\t\t\t\t\t\n\t\t<div class=\"oew-flip-box\">\n\n\t\t\t<div class=\"oew-flip-box-layer oew-flip-box-front\">\n\t\t\t\t<div class=\"oew-flip-box-layer-overlay\">\n\t\t\t\t\t<div class=\"oew-flip-box-layer-inner\">\n\t\t\t\t\t\t\t\t\t\t\t\t\t<div class=\"oew-flip-box-image\">\n\t\t\t\t\t\t\t\t<img decoding=\"async\" width=\"2398\" height=\"2398\" src=\"https:\/\/indesmalla.com\/wp-content\/uploads\/2023\/01\/04_Y764-1.jpg\" class=\"attachment-full size-full wp-image-1495\" alt=\"\" srcset=\"https:\/\/indesmalla.com\/wp-content\/uploads\/2023\/01\/04_Y764-1.jpg 2398w, https:\/\/indesmalla.com\/wp-content\/uploads\/2023\/01\/04_Y764-1-300x300.jpg 300w, https:\/\/indesmalla.com\/wp-content\/uploads\/2023\/01\/04_Y764-1-1024x1024.jpg 1024w, https:\/\/indesmalla.com\/wp-content\/uploads\/2023\/01\/04_Y764-1-150x150.jpg 150w, https:\/\/indesmalla.com\/wp-content\/uploads\/2023\/01\/04_Y764-1-768x768.jpg 768w, https:\/\/indesmalla.com\/wp-content\/uploads\/2023\/01\/04_Y764-1-1536x1536.jpg 1536w, https:\/\/indesmalla.com\/wp-content\/uploads\/2023\/01\/04_Y764-1-2048x2048.jpg 2048w, https:\/\/indesmalla.com\/wp-content\/uploads\/2023\/01\/04_Y764-1-600x600.jpg 600w\" sizes=\"(max-width: 2398px) 100vw, 2398px\" \/>\t\t\t\t\t\t\t<\/div>\n\t\t\t\t\t\t\t\t\t\t\t\t<\/div>\n\t\t\t\t<\/div>\n\t\t\t<\/div>\n\n\t\t\t<div class=\"oew-flip-box-layer oew-flip-box-back\">\n\t\t\t\t<div class=\"oew-flip-box-layer-overlay\">\n\t\t\t\t\t<div class=\"oew-flip-box-layer-inner\">\n\t\t\t\t\t\t\t\t\t\t\t\t\t<h3 class=\"oew-flip-box-layer-title\">\n\t\t\t\t\t\t\t\tY764\t\t\t\t\t\t\t<\/h3>\n\t\t\t\t\t\t\t\t\t\t\t\t\t\t<div class=\"oew-flip-box-layer-desc\">\n\t\t\t\t\t\t\t\t93% PES Recycled - 7% EA<br>155 cm<br>75 g\/m\u00b2\t\t\t\t\t\t\t<\/div>\n\t\t\t\t\t\t\t\t\t\t\t\t<\/div>\n\t\t\t\t<\/div>\n\t\t\t<\/div>\n\n\t\t<\/div>\n\n\t\t\t\t\t\t<\/div>\n\t\t\t\t<\/div>\n\t\t\t\t\t<\/div>\n\t\t<\/div>\n\t\t\t\t\t<\/div>\n\t\t<\/section>\n\t\t\t\t\t<\/div>\n\t\t<\/div>\n\t\t\t\t\t<\/div>\n\t\t<\/section>\n\t\t\t\t<\/div>","protected":false},"excerpt":{"rendered":"<p>RECICLADO Colecci\u00f3n de art\u00edculos desarrollados con hilo de poli\u00e9ster o poliamida reciclados. Todos nuestros productos reciclados est\u00e1n certificados con el certificado Global Recycle Standard (GRS). Y755 86% PES Rec. &#8211; 14% EA145 cm140 gr\/m2 Y764 93% PES Rec. &#8211; 7% EA155 cm75 gr\/m2<\/p>","protected":false},"author":1,"featured_media":0,"parent":0,"menu_order":0,"comment_status":"closed","ping_status":"closed","template":"","meta":{"ocean_post_layout":"full-screen","ocean_both_sidebars_style":"","ocean_both_sidebars_content_width":0,"ocean_both_sidebars_sidebars_width":0,"ocean_sidebar":"0","ocean_second_sidebar":"0","ocean_disable_margins":"on","ocean_add_body_class":"","ocean_shortcode_before_top_bar":"","ocean_shortcode_after_top_bar":"","ocean_shortcode_before_header":"","ocean_shortcode_after_header":"","ocean_has_shortcode":"","ocean_shortcode_after_title":"","ocean_shortcode_before_footer_widgets":"","ocean_shortcode_after_footer_widgets":"","ocean_shortcode_before_footer_bottom":"","ocean_shortcode_after_footer_bottom":"","ocean_display_top_bar":"default","ocean_display_header":"default","ocean_header_style":"","ocean_center_header_left_menu":"0","ocean_custom_header_template":"0","ocean_custom_logo":0,"ocean_custom_retina_logo":0,"ocean_custom_logo_max_width":0,"ocean_custom_logo_tablet_max_width":0,"ocean_custom_logo_mobile_max_width":0,"ocean_custom_logo_max_height":0,"ocean_custom_logo_tablet_max_height":0,"ocean_custom_logo_mobile_max_height":0,"ocean_header_custom_menu":"0","ocean_menu_typo_font_family":"0","ocean_menu_typo_font_subset":"","ocean_menu_typo_font_size":0,"ocean_menu_typo_font_size_tablet":0,"ocean_menu_typo_font_size_mobile":0,"ocean_menu_typo_font_size_unit":"px","ocean_menu_typo_font_weight":"","ocean_menu_typo_font_weight_tablet":"","ocean_menu_typo_font_weight_mobile":"","ocean_menu_typo_transform":"","ocean_menu_typo_transform_tablet":"","ocean_menu_typo_transform_mobile":"","ocean_menu_typo_line_height":0,"ocean_menu_typo_line_height_tablet":0,"ocean_menu_typo_line_height_mobile":0,"ocean_menu_typo_line_height_unit":"","ocean_menu_typo_spacing":0,"ocean_menu_typo_spacing_tablet":0,"ocean_menu_typo_spacing_mobile":0,"ocean_menu_typo_spacing_unit":"","ocean_menu_link_color":"","ocean_menu_link_color_hover":"","ocean_menu_link_color_active":"","ocean_menu_link_background":"","ocean_menu_link_hover_background":"","ocean_menu_link_active_background":"","ocean_menu_social_links_bg":"","ocean_menu_social_hover_links_bg":"","ocean_menu_social_links_color":"","ocean_menu_social_hover_links_color":"","ocean_disable_title":"on","ocean_disable_heading":"default","ocean_post_title":"","ocean_post_subheading":"","ocean_post_title_style":"","ocean_post_title_background_color":"","ocean_post_title_background":0,"ocean_post_title_bg_image_position":"","ocean_post_title_bg_image_attachment":"","ocean_post_title_bg_image_repeat":"","ocean_post_title_bg_image_size":"","ocean_post_title_height":0,"ocean_post_title_bg_overlay":0.5,"ocean_post_title_bg_overlay_color":"","ocean_disable_breadcrumbs":"default","ocean_breadcrumbs_color":"","ocean_breadcrumbs_separator_color":"","ocean_breadcrumbs_links_color":"","ocean_breadcrumbs_links_hover_color":"","ocean_display_footer_widgets":"default","ocean_display_footer_bottom":"default","ocean_custom_footer_template":"0","osh_disable_topbar_sticky":"default","osh_disable_header_sticky":"default","osh_sticky_header_style":"default","osh_sticky_header_effect":"","osh_custom_sticky_logo":0,"osh_custom_retina_sticky_logo":0,"osh_custom_sticky_logo_height":0,"osh_background_color":"","osh_links_color":"","osh_links_hover_color":"","osh_links_active_color":"","osh_links_bg_color":"","osh_links_hover_bg_color":"","osh_links_active_bg_color":"","osh_menu_social_links_color":"","osh_menu_social_hover_links_color":"","footnotes":""},"class_list":["post-1483","page","type-page","status-publish","hentry","entry"],"_links":{"self":[{"href":"https:\/\/indesmalla.com\/en\/wp-json\/wp\/v2\/pages\/1483","targetHints":{"allow":["GET"]}}],"collection":[{"href":"https:\/\/indesmalla.com\/en\/wp-json\/wp\/v2\/pages"}],"about":[{"href":"https:\/\/indesmalla.com\/en\/wp-json\/wp\/v2\/types\/page"}],"author":[{"embeddable":true,"href":"https:\/\/indesmalla.com\/en\/wp-json\/wp\/v2\/users\/1"}],"replies":[{"embeddable":true,"href":"https:\/\/indesmalla.com\/en\/wp-json\/wp\/v2\/comments?post=1483"}],"version-history":[{"count":14,"href":"https:\/\/indesmalla.com\/en\/wp-json\/wp\/v2\/pages\/1483\/revisions"}],"predecessor-version":[{"id":2137,"href":"https:\/\/indesmalla.com\/en\/wp-json\/wp\/v2\/pages\/1483\/revisions\/2137"}],"wp:attachment":[{"href":"https:\/\/indesmalla.com\/en\/wp-json\/wp\/v2\/media?parent=1483"}],"curies":[{"name":"wp","href":"https:\/\/api.w.org\/{rel}","templated":true}]}}