{"id":1449,"date":"2023-01-16T16:47:45","date_gmt":"2023-01-16T15:47:45","guid":{"rendered":"http:\/\/indesmalla.com\/?page_id=1449"},"modified":"2023-02-03T17:31:52","modified_gmt":"2023-02-03T16:31:52","slug":"plumetis","status":"publish","type":"page","link":"https:\/\/indesmalla.com\/en\/outerwear\/plumetis\/","title":{"rendered":"Dotted Swiss"},"content":{"rendered":"<div data-elementor-type=\"wp-post\" data-elementor-id=\"1449\" class=\"elementor elementor-1449\" data-elementor-post-type=\"page\">\n\t\t\t\t\t\t<section class=\"elementor-section elementor-top-section elementor-element elementor-element-df5b02f elementor-section-height-min-height elementor-section-items-stretch elementor-section-content-top caixetes-productes elementor-section-boxed elementor-section-height-default\" data-id=\"df5b02f\" data-element_type=\"section\" data-settings=\"{&quot;background_background&quot;:&quot;classic&quot;}\">\n\t\t\t\t\t\t<div class=\"elementor-container elementor-column-gap-no\">\n\t\t\t\t\t<div class=\"elementor-column elementor-col-50 elementor-top-column elementor-element elementor-element-4799077 columna\" data-id=\"4799077\" data-element_type=\"column\">\n\t\t\t<div class=\"elementor-widget-wrap elementor-element-populated\">\n\t\t\t\t\t\t<div class=\"elementor-element elementor-element-0a5d2d0 text-producte elementor-vertical-align-top elementor-widget elementor-widget-image-box\" data-id=\"0a5d2d0\" data-element_type=\"widget\" data-settings=\"{&quot;sticky&quot;:&quot;top&quot;,&quot;sticky_offset&quot;:165,&quot;sticky_parent&quot;:&quot;yes&quot;,&quot;sticky_on&quot;:[&quot;desktop&quot;,&quot;tablet&quot;,&quot;mobile&quot;],&quot;sticky_effects_offset&quot;:0,&quot;sticky_anchor_link_offset&quot;:0}\" data-widget_type=\"image-box.default\">\n\t\t\t\t<div class=\"elementor-widget-container\">\n\t\t\t\t\t<div class=\"elementor-image-box-wrapper\"><div class=\"elementor-image-box-content\"><h3 class=\"elementor-image-box-title\">Dotted Swiss<\/h3><p class=\"elementor-image-box-description\">Plumeti fabrics of different compositions and designs. We work with 100% polyester and 100% polyamide items, as well as fabrics with varying percentages of polyester or polyamide and elastomer. Therefore, we offer both rigid and elastic plumeti, providing a wide range for the fashion sector.\n<\/p><\/div><\/div>\t\t\t\t<\/div>\n\t\t\t\t<\/div>\n\t\t\t\t\t<\/div>\n\t\t<\/div>\n\t\t\t\t<div class=\"elementor-column elementor-col-50 elementor-top-column elementor-element elementor-element-1403768\" data-id=\"1403768\" data-element_type=\"column\">\n\t\t\t<div class=\"elementor-widget-wrap elementor-element-populated\">\n\t\t\t\t\t\t<section class=\"elementor-section elementor-inner-section elementor-element elementor-element-0032345 casillas elementor-section-boxed elementor-section-height-default elementor-section-height-default\" data-id=\"0032345\" data-element_type=\"section\">\n\t\t\t\t\t\t<div class=\"elementor-container elementor-column-gap-default\">\n\t\t\t\t\t<div class=\"elementor-column elementor-col-50 elementor-inner-column elementor-element elementor-element-bf65eae\" data-id=\"bf65eae\" data-element_type=\"column\">\n\t\t\t<div class=\"elementor-widget-wrap elementor-element-populated\">\n\t\t\t\t\t\t<div class=\"elementor-element elementor-element-50a29dc oew-flip-box-direction-down oew-flip-box-effect-flip oew-flip-box-3d-yes elementor-widget elementor-widget-oew-flip-box\" data-id=\"50a29dc\" data-element_type=\"widget\" data-widget_type=\"oew-flip-box.default\">\n\t\t\t\t<div class=\"elementor-widget-container\">\n\t\t\t\t\t\n\t\t<div class=\"oew-flip-box\">\n\n\t\t\t<div class=\"oew-flip-box-layer oew-flip-box-front\">\n\t\t\t\t<div class=\"oew-flip-box-layer-overlay\">\n\t\t\t\t\t<div class=\"oew-flip-box-layer-inner\">\n\t\t\t\t\t\t\t\t\t\t\t\t\t<div class=\"oew-flip-box-image\">\n\t\t\t\t\t\t\t\t<img fetchpriority=\"high\" decoding=\"async\" width=\"2560\" height=\"2560\" src=\"https:\/\/indesmalla.com\/wp-content\/uploads\/2023\/01\/15_A302-scaled.jpg\" class=\"attachment-full size-full wp-image-1451\" alt=\"\" srcset=\"https:\/\/indesmalla.com\/wp-content\/uploads\/2023\/01\/15_A302-scaled.jpg 2560w, https:\/\/indesmalla.com\/wp-content\/uploads\/2023\/01\/15_A302-300x300.jpg 300w, https:\/\/indesmalla.com\/wp-content\/uploads\/2023\/01\/15_A302-1024x1024.jpg 1024w, https:\/\/indesmalla.com\/wp-content\/uploads\/2023\/01\/15_A302-150x150.jpg 150w, https:\/\/indesmalla.com\/wp-content\/uploads\/2023\/01\/15_A302-768x768.jpg 768w, https:\/\/indesmalla.com\/wp-content\/uploads\/2023\/01\/15_A302-1536x1536.jpg 1536w, https:\/\/indesmalla.com\/wp-content\/uploads\/2023\/01\/15_A302-2048x2048.jpg 2048w, https:\/\/indesmalla.com\/wp-content\/uploads\/2023\/01\/15_A302-600x600.jpg 600w\" sizes=\"(max-width: 2560px) 100vw, 2560px\" \/>\t\t\t\t\t\t\t<\/div>\n\t\t\t\t\t\t\t\t\t\t\t\t<\/div>\n\t\t\t\t<\/div>\n\t\t\t<\/div>\n\n\t\t\t<div class=\"oew-flip-box-layer oew-flip-box-back\">\n\t\t\t\t<div class=\"oew-flip-box-layer-overlay\">\n\t\t\t\t\t<div class=\"oew-flip-box-layer-inner\">\n\t\t\t\t\t\t\t\t\t\t\t\t\t<h3 class=\"oew-flip-box-layer-title\">\n\t\t\t\t\t\t\t\tA302\t\t\t\t\t\t\t<\/h3>\n\t\t\t\t\t\t\t\t\t\t\t\t\t\t<div class=\"oew-flip-box-layer-desc\">\n\t\t\t\t\t\t\t\t100% PA 6.6<br>190 cm<br>55 g\/m\u00b2\t\t\t\t\t\t\t<\/div>\n\t\t\t\t\t\t\t\t\t\t\t\t<\/div>\n\t\t\t\t<\/div>\n\t\t\t<\/div>\n\n\t\t<\/div>\n\n\t\t\t\t\t\t<\/div>\n\t\t\t\t<\/div>\n\t\t\t\t<div class=\"elementor-element elementor-element-6e29a78 oew-flip-box-direction-down oew-flip-box-effect-flip oew-flip-box-3d-yes elementor-widget elementor-widget-oew-flip-box\" data-id=\"6e29a78\" data-element_type=\"widget\" data-widget_type=\"oew-flip-box.default\">\n\t\t\t\t<div class=\"elementor-widget-container\">\n\t\t\t\t\t\n\t\t<div class=\"oew-flip-box\">\n\n\t\t\t<div class=\"oew-flip-box-layer oew-flip-box-front\">\n\t\t\t\t<div class=\"oew-flip-box-layer-overlay\">\n\t\t\t\t\t<div class=\"oew-flip-box-layer-inner\">\n\t\t\t\t\t\t\t\t\t\t\t\t\t<div class=\"oew-flip-box-image\">\n\t\t\t\t\t\t\t\t<img decoding=\"async\" width=\"2560\" height=\"2560\" src=\"https:\/\/indesmalla.com\/wp-content\/uploads\/2023\/01\/15_D597-scaled.jpg\" class=\"attachment-full size-full wp-image-1455\" alt=\"\" srcset=\"https:\/\/indesmalla.com\/wp-content\/uploads\/2023\/01\/15_D597-scaled.jpg 2560w, https:\/\/indesmalla.com\/wp-content\/uploads\/2023\/01\/15_D597-300x300.jpg 300w, https:\/\/indesmalla.com\/wp-content\/uploads\/2023\/01\/15_D597-1024x1024.jpg 1024w, https:\/\/indesmalla.com\/wp-content\/uploads\/2023\/01\/15_D597-150x150.jpg 150w, https:\/\/indesmalla.com\/wp-content\/uploads\/2023\/01\/15_D597-768x768.jpg 768w, https:\/\/indesmalla.com\/wp-content\/uploads\/2023\/01\/15_D597-1536x1536.jpg 1536w, https:\/\/indesmalla.com\/wp-content\/uploads\/2023\/01\/15_D597-2048x2048.jpg 2048w, https:\/\/indesmalla.com\/wp-content\/uploads\/2023\/01\/15_D597-600x600.jpg 600w\" sizes=\"(max-width: 2560px) 100vw, 2560px\" \/>\t\t\t\t\t\t\t<\/div>\n\t\t\t\t\t\t\t\t\t\t\t\t<\/div>\n\t\t\t\t<\/div>\n\t\t\t<\/div>\n\n\t\t\t<div class=\"oew-flip-box-layer oew-flip-box-back\">\n\t\t\t\t<div class=\"oew-flip-box-layer-overlay\">\n\t\t\t\t\t<div class=\"oew-flip-box-layer-inner\">\n\t\t\t\t\t\t\t\t\t\t\t\t\t<h3 class=\"oew-flip-box-layer-title\">\n\t\t\t\t\t\t\t\tD597\t\t\t\t\t\t\t<\/h3>\n\t\t\t\t\t\t\t\t\t\t\t\t\t\t<div class=\"oew-flip-box-layer-desc\">\n\t\t\t\t\t\t\t\t80% PA - 20% EA<br>140 cm<br>60 g\/m\u00b2\t\t\t\t\t\t\t<\/div>\n\t\t\t\t\t\t\t\t\t\t\t\t<\/div>\n\t\t\t\t<\/div>\n\t\t\t<\/div>\n\n\t\t<\/div>\n\n\t\t\t\t\t\t<\/div>\n\t\t\t\t<\/div>\n\t\t\t\t<div class=\"elementor-element elementor-element-33804e9 oew-flip-box-direction-down oew-flip-box-effect-flip oew-flip-box-3d-yes elementor-widget elementor-widget-oew-flip-box\" data-id=\"33804e9\" data-element_type=\"widget\" data-widget_type=\"oew-flip-box.default\">\n\t\t\t\t<div class=\"elementor-widget-container\">\n\t\t\t\t\t\n\t\t<div class=\"oew-flip-box\">\n\n\t\t\t<div class=\"oew-flip-box-layer oew-flip-box-front\">\n\t\t\t\t<div class=\"oew-flip-box-layer-overlay\">\n\t\t\t\t\t<div class=\"oew-flip-box-layer-inner\">\n\t\t\t\t\t\t\t\t\t\t\t\t\t<div class=\"oew-flip-box-image\">\n\t\t\t\t\t\t\t\t<img decoding=\"async\" width=\"2560\" height=\"2560\" src=\"https:\/\/indesmalla.com\/wp-content\/uploads\/2023\/01\/15_A605-scaled.jpg\" class=\"attachment-full size-full wp-image-1452\" alt=\"\" srcset=\"https:\/\/indesmalla.com\/wp-content\/uploads\/2023\/01\/15_A605-scaled.jpg 2560w, https:\/\/indesmalla.com\/wp-content\/uploads\/2023\/01\/15_A605-300x300.jpg 300w, https:\/\/indesmalla.com\/wp-content\/uploads\/2023\/01\/15_A605-1024x1024.jpg 1024w, https:\/\/indesmalla.com\/wp-content\/uploads\/2023\/01\/15_A605-150x150.jpg 150w, https:\/\/indesmalla.com\/wp-content\/uploads\/2023\/01\/15_A605-768x768.jpg 768w, https:\/\/indesmalla.com\/wp-content\/uploads\/2023\/01\/15_A605-1536x1536.jpg 1536w, https:\/\/indesmalla.com\/wp-content\/uploads\/2023\/01\/15_A605-2048x2048.jpg 2048w, https:\/\/indesmalla.com\/wp-content\/uploads\/2023\/01\/15_A605-600x600.jpg 600w\" sizes=\"(max-width: 2560px) 100vw, 2560px\" \/>\t\t\t\t\t\t\t<\/div>\n\t\t\t\t\t\t\t\t\t\t\t\t<\/div>\n\t\t\t\t<\/div>\n\t\t\t<\/div>\n\n\t\t\t<div class=\"oew-flip-box-layer oew-flip-box-back\">\n\t\t\t\t<div class=\"oew-flip-box-layer-overlay\">\n\t\t\t\t\t<div class=\"oew-flip-box-layer-inner\">\n\t\t\t\t\t\t\t\t\t\t\t\t\t<h3 class=\"oew-flip-box-layer-title\">\n\t\t\t\t\t\t\t\tA605\t\t\t\t\t\t\t<\/h3>\n\t\t\t\t\t\t\t\t\t\t\t\t\t\t<div class=\"oew-flip-box-layer-desc\">\n\t\t\t\t\t\t\t\t100% PES<br>150 cm<br>75 g\/m\u00b2\t\t\t\t\t\t\t<\/div>\n\t\t\t\t\t\t\t\t\t\t\t\t<\/div>\n\t\t\t\t<\/div>\n\t\t\t<\/div>\n\n\t\t<\/div>\n\n\t\t\t\t\t\t<\/div>\n\t\t\t\t<\/div>\n\t\t\t\t\t<\/div>\n\t\t<\/div>\n\t\t\t\t<div class=\"elementor-column elementor-col-50 elementor-inner-column elementor-element elementor-element-36f13b7\" data-id=\"36f13b7\" data-element_type=\"column\">\n\t\t\t<div class=\"elementor-widget-wrap elementor-element-populated\">\n\t\t\t\t\t\t<div class=\"elementor-element elementor-element-19ca503 oew-flip-box-direction-down oew-flip-box-effect-flip oew-flip-box-3d-yes elementor-widget elementor-widget-oew-flip-box\" data-id=\"19ca503\" data-element_type=\"widget\" data-widget_type=\"oew-flip-box.default\">\n\t\t\t\t<div class=\"elementor-widget-container\">\n\t\t\t\t\t\n\t\t<div class=\"oew-flip-box\">\n\n\t\t\t<div class=\"oew-flip-box-layer oew-flip-box-front\">\n\t\t\t\t<div class=\"oew-flip-box-layer-overlay\">\n\t\t\t\t\t<div class=\"oew-flip-box-layer-inner\">\n\t\t\t\t\t\t\t\t\t\t\t\t\t<div class=\"oew-flip-box-image\">\n\t\t\t\t\t\t\t\t<img loading=\"lazy\" decoding=\"async\" width=\"2560\" height=\"2560\" src=\"https:\/\/indesmalla.com\/wp-content\/uploads\/2023\/01\/15_A738-2-scaled.jpg\" class=\"attachment-full size-full wp-image-1453\" alt=\"\" srcset=\"https:\/\/indesmalla.com\/wp-content\/uploads\/2023\/01\/15_A738-2-scaled.jpg 2560w, https:\/\/indesmalla.com\/wp-content\/uploads\/2023\/01\/15_A738-2-300x300.jpg 300w, https:\/\/indesmalla.com\/wp-content\/uploads\/2023\/01\/15_A738-2-1024x1024.jpg 1024w, https:\/\/indesmalla.com\/wp-content\/uploads\/2023\/01\/15_A738-2-150x150.jpg 150w, https:\/\/indesmalla.com\/wp-content\/uploads\/2023\/01\/15_A738-2-768x768.jpg 768w, https:\/\/indesmalla.com\/wp-content\/uploads\/2023\/01\/15_A738-2-1536x1536.jpg 1536w, https:\/\/indesmalla.com\/wp-content\/uploads\/2023\/01\/15_A738-2-2048x2048.jpg 2048w, https:\/\/indesmalla.com\/wp-content\/uploads\/2023\/01\/15_A738-2-600x600.jpg 600w\" sizes=\"(max-width: 2560px) 100vw, 2560px\" \/>\t\t\t\t\t\t\t<\/div>\n\t\t\t\t\t\t\t\t\t\t\t\t<\/div>\n\t\t\t\t<\/div>\n\t\t\t<\/div>\n\n\t\t\t<div class=\"oew-flip-box-layer oew-flip-box-back\">\n\t\t\t\t<div class=\"oew-flip-box-layer-overlay\">\n\t\t\t\t\t<div class=\"oew-flip-box-layer-inner\">\n\t\t\t\t\t\t\t\t\t\t\t\t\t<h3 class=\"oew-flip-box-layer-title\">\n\t\t\t\t\t\t\t\tA738\t\t\t\t\t\t\t<\/h3>\n\t\t\t\t\t\t\t\t\t\t\t\t\t\t<div class=\"oew-flip-box-layer-desc\">\n\t\t\t\t\t\t\t\t90% PA - 10% EA<br>150 cm<br>50 g\/m\u00b2\t\t\t\t\t\t\t<\/div>\n\t\t\t\t\t\t\t\t\t\t\t\t<\/div>\n\t\t\t\t<\/div>\n\t\t\t<\/div>\n\n\t\t<\/div>\n\n\t\t\t\t\t\t<\/div>\n\t\t\t\t<\/div>\n\t\t\t\t<div class=\"elementor-element elementor-element-46a4a66 oew-flip-box-direction-down oew-flip-box-effect-flip oew-flip-box-3d-yes elementor-widget elementor-widget-oew-flip-box\" data-id=\"46a4a66\" data-element_type=\"widget\" data-widget_type=\"oew-flip-box.default\">\n\t\t\t\t<div class=\"elementor-widget-container\">\n\t\t\t\t\t\n\t\t<div class=\"oew-flip-box\">\n\n\t\t\t<div class=\"oew-flip-box-layer oew-flip-box-front\">\n\t\t\t\t<div class=\"oew-flip-box-layer-overlay\">\n\t\t\t\t\t<div class=\"oew-flip-box-layer-inner\">\n\t\t\t\t\t\t\t\t\t\t\t\t\t<div class=\"oew-flip-box-image\">\n\t\t\t\t\t\t\t\t<img loading=\"lazy\" decoding=\"async\" width=\"2560\" height=\"2560\" src=\"https:\/\/indesmalla.com\/wp-content\/uploads\/2023\/01\/15_D625-scaled.jpg\" class=\"attachment-full size-full wp-image-1456\" alt=\"\" srcset=\"https:\/\/indesmalla.com\/wp-content\/uploads\/2023\/01\/15_D625-scaled.jpg 2560w, https:\/\/indesmalla.com\/wp-content\/uploads\/2023\/01\/15_D625-300x300.jpg 300w, https:\/\/indesmalla.com\/wp-content\/uploads\/2023\/01\/15_D625-1024x1024.jpg 1024w, https:\/\/indesmalla.com\/wp-content\/uploads\/2023\/01\/15_D625-150x150.jpg 150w, https:\/\/indesmalla.com\/wp-content\/uploads\/2023\/01\/15_D625-768x768.jpg 768w, https:\/\/indesmalla.com\/wp-content\/uploads\/2023\/01\/15_D625-1536x1536.jpg 1536w, https:\/\/indesmalla.com\/wp-content\/uploads\/2023\/01\/15_D625-2048x2048.jpg 2048w, https:\/\/indesmalla.com\/wp-content\/uploads\/2023\/01\/15_D625-600x600.jpg 600w\" sizes=\"(max-width: 2560px) 100vw, 2560px\" \/>\t\t\t\t\t\t\t<\/div>\n\t\t\t\t\t\t\t\t\t\t\t\t<\/div>\n\t\t\t\t<\/div>\n\t\t\t<\/div>\n\n\t\t\t<div class=\"oew-flip-box-layer oew-flip-box-back\">\n\t\t\t\t<div class=\"oew-flip-box-layer-overlay\">\n\t\t\t\t\t<div class=\"oew-flip-box-layer-inner\">\n\t\t\t\t\t\t\t\t\t\t\t\t\t<h3 class=\"oew-flip-box-layer-title\">\n\t\t\t\t\t\t\t\tD625\t\t\t\t\t\t\t<\/h3>\n\t\t\t\t\t\t\t\t\t\t\t\t\t\t<div class=\"oew-flip-box-layer-desc\">\n\t\t\t\t\t\t\t\t80% PA - 20% EA<br>140 cm<br>73 g\/m\u00b2\t\t\t\t\t\t\t<\/div>\n\t\t\t\t\t\t\t\t\t\t\t\t<\/div>\n\t\t\t\t<\/div>\n\t\t\t<\/div>\n\n\t\t<\/div>\n\n\t\t\t\t\t\t<\/div>\n\t\t\t\t<\/div>\n\t\t\t\t\t<\/div>\n\t\t<\/div>\n\t\t\t\t\t<\/div>\n\t\t<\/section>\n\t\t\t\t\t<\/div>\n\t\t<\/div>\n\t\t\t\t\t<\/div>\n\t\t<\/section>\n\t\t\t\t<\/div>","protected":false},"excerpt":{"rendered":"<p>Plumetis Tejidos plumeti de diferente composici\u00f3n y dise\u00f1o. Trabajamos con art\u00edculos 100% poli\u00e9ster y 100% poliamida, as\u00ed como tejidos con diferentes porcentajes de poli\u00e9ster o poliamida y elast\u00f3mero. Ofrecemos, por tanto, tanto plumeti r\u00edgido como el\u00e1stico, ofreciendo una amplia gama para el sector moda. A302 100% PA 6.6190 cm55 gr\/m2 D597 80% PA &#8211; 20% [&hellip;]<\/p>","protected":false},"author":1,"featured_media":0,"parent":1424,"menu_order":0,"comment_status":"closed","ping_status":"closed","template":"","meta":{"ocean_post_layout":"full-screen","ocean_both_sidebars_style":"","ocean_both_sidebars_content_width":0,"ocean_both_sidebars_sidebars_width":0,"ocean_sidebar":"0","ocean_second_sidebar":"0","ocean_disable_margins":"on","ocean_add_body_class":"","ocean_shortcode_before_top_bar":"","ocean_shortcode_after_top_bar":"","ocean_shortcode_before_header":"","ocean_shortcode_after_header":"","ocean_has_shortcode":"","ocean_shortcode_after_title":"","ocean_shortcode_before_footer_widgets":"","ocean_shortcode_after_footer_widgets":"","ocean_shortcode_before_footer_bottom":"","ocean_shortcode_after_footer_bottom":"","ocean_display_top_bar":"default","ocean_display_header":"default","ocean_header_style":"","ocean_center_header_left_menu":"0","ocean_custom_header_template":"0","ocean_custom_logo":0,"ocean_custom_retina_logo":0,"ocean_custom_logo_max_width":0,"ocean_custom_logo_tablet_max_width":0,"ocean_custom_logo_mobile_max_width":0,"ocean_custom_logo_max_height":0,"ocean_custom_logo_tablet_max_height":0,"ocean_custom_logo_mobile_max_height":0,"ocean_header_custom_menu":"0","ocean_menu_typo_font_family":"0","ocean_menu_typo_font_subset":"","ocean_menu_typo_font_size":0,"ocean_menu_typo_font_size_tablet":0,"ocean_menu_typo_font_size_mobile":0,"ocean_menu_typo_font_size_unit":"px","ocean_menu_typo_font_weight":"","ocean_menu_typo_font_weight_tablet":"","ocean_menu_typo_font_weight_mobile":"","ocean_menu_typo_transform":"","ocean_menu_typo_transform_tablet":"","ocean_menu_typo_transform_mobile":"","ocean_menu_typo_line_height":0,"ocean_menu_typo_line_height_tablet":0,"ocean_menu_typo_line_height_mobile":0,"ocean_menu_typo_line_height_unit":"","ocean_menu_typo_spacing":0,"ocean_menu_typo_spacing_tablet":0,"ocean_menu_typo_spacing_mobile":0,"ocean_menu_typo_spacing_unit":"","ocean_menu_link_color":"","ocean_menu_link_color_hover":"","ocean_menu_link_color_active":"","ocean_menu_link_background":"","ocean_menu_link_hover_background":"","ocean_menu_link_active_background":"","ocean_menu_social_links_bg":"","ocean_menu_social_hover_links_bg":"","ocean_menu_social_links_color":"","ocean_menu_social_hover_links_color":"","ocean_disable_title":"on","ocean_disable_heading":"default","ocean_post_title":"","ocean_post_subheading":"","ocean_post_title_style":"","ocean_post_title_background_color":"","ocean_post_title_background":0,"ocean_post_title_bg_image_position":"","ocean_post_title_bg_image_attachment":"","ocean_post_title_bg_image_repeat":"","ocean_post_title_bg_image_size":"","ocean_post_title_height":0,"ocean_post_title_bg_overlay":0.5,"ocean_post_title_bg_overlay_color":"","ocean_disable_breadcrumbs":"default","ocean_breadcrumbs_color":"","ocean_breadcrumbs_separator_color":"","ocean_breadcrumbs_links_color":"","ocean_breadcrumbs_links_hover_color":"","ocean_display_footer_widgets":"default","ocean_display_footer_bottom":"default","ocean_custom_footer_template":"0","osh_disable_topbar_sticky":"default","osh_disable_header_sticky":"default","osh_sticky_header_style":"default","osh_sticky_header_effect":"","osh_custom_sticky_logo":0,"osh_custom_retina_sticky_logo":0,"osh_custom_sticky_logo_height":0,"osh_background_color":"","osh_links_color":"","osh_links_hover_color":"","osh_links_active_color":"","osh_links_bg_color":"","osh_links_hover_bg_color":"","osh_links_active_bg_color":"","osh_menu_social_links_color":"","osh_menu_social_hover_links_color":"","footnotes":""},"class_list":["post-1449","page","type-page","status-publish","hentry","entry"],"_links":{"self":[{"href":"https:\/\/indesmalla.com\/en\/wp-json\/wp\/v2\/pages\/1449","targetHints":{"allow":["GET"]}}],"collection":[{"href":"https:\/\/indesmalla.com\/en\/wp-json\/wp\/v2\/pages"}],"about":[{"href":"https:\/\/indesmalla.com\/en\/wp-json\/wp\/v2\/types\/page"}],"author":[{"embeddable":true,"href":"https:\/\/indesmalla.com\/en\/wp-json\/wp\/v2\/users\/1"}],"replies":[{"embeddable":true,"href":"https:\/\/indesmalla.com\/en\/wp-json\/wp\/v2\/comments?post=1449"}],"version-history":[{"count":7,"href":"https:\/\/indesmalla.com\/en\/wp-json\/wp\/v2\/pages\/1449\/revisions"}],"predecessor-version":[{"id":1738,"href":"https:\/\/indesmalla.com\/en\/wp-json\/wp\/v2\/pages\/1449\/revisions\/1738"}],"up":[{"embeddable":true,"href":"https:\/\/indesmalla.com\/en\/wp-json\/wp\/v2\/pages\/1424"}],"wp:attachment":[{"href":"https:\/\/indesmalla.com\/en\/wp-json\/wp\/v2\/media?parent=1449"}],"curies":[{"name":"wp","href":"https:\/\/api.w.org\/{rel}","templated":true}]}}