{"id":1384,"date":"2023-01-16T15:36:46","date_gmt":"2023-01-16T14:36:46","guid":{"rendered":"http:\/\/indesmalla.com\/?page_id=1384"},"modified":"2024-10-01T16:40:50","modified_gmt":"2024-10-01T14:40:50","slug":"velours-y-perchados","status":"publish","type":"page","link":"https:\/\/indesmalla.com\/ca\/high-tech-fabrics\/velours-y-perchados\/","title":{"rendered":"VELOURS Y PERCHADOS"},"content":{"rendered":"<div data-elementor-type=\"wp-post\" data-elementor-id=\"1384\" class=\"elementor elementor-1384\" data-elementor-post-type=\"page\">\n\t\t\t\t\t\t<section class=\"elementor-section elementor-top-section elementor-element elementor-element-df5b02f elementor-section-height-min-height elementor-section-items-stretch elementor-section-content-top caixetes-productes elementor-section-boxed elementor-section-height-default\" data-id=\"df5b02f\" data-element_type=\"section\" data-settings=\"{&quot;background_background&quot;:&quot;classic&quot;}\">\n\t\t\t\t\t\t<div class=\"elementor-container elementor-column-gap-no\">\n\t\t\t\t\t<div class=\"elementor-column elementor-col-50 elementor-top-column elementor-element elementor-element-4799077 columna\" data-id=\"4799077\" data-element_type=\"column\">\n\t\t\t<div class=\"elementor-widget-wrap elementor-element-populated\">\n\t\t\t\t\t\t<div class=\"elementor-element elementor-element-0a5d2d0 text-producte elementor-vertical-align-top elementor-widget elementor-widget-image-box\" data-id=\"0a5d2d0\" data-element_type=\"widget\" data-settings=\"{&quot;sticky&quot;:&quot;top&quot;,&quot;sticky_offset&quot;:165,&quot;sticky_parent&quot;:&quot;yes&quot;,&quot;sticky_on&quot;:[&quot;desktop&quot;,&quot;tablet&quot;,&quot;mobile&quot;],&quot;sticky_effects_offset&quot;:0,&quot;sticky_anchor_link_offset&quot;:0}\" data-widget_type=\"image-box.default\">\n\t\t\t\t<div class=\"elementor-widget-container\">\n\t\t\t\t\t<div class=\"elementor-image-box-wrapper\"><div class=\"elementor-image-box-content\"><h3 class=\"elementor-image-box-title\">Velut<\/h3><p class=\"elementor-image-box-description\">Fabriquem diferents tipus de Velours destinats a un mercat on es valora una excel\u00b7lent funcionalitat. Alguns d\u2019ells estan dissenyats per a m\u00faltiples aplicacions de tancament mec\u00e0nic quan s\u2019utilitzen en combinaci\u00f3 amb la base de ganxo.<\/p><\/div><\/div>\t\t\t\t<\/div>\n\t\t\t\t<\/div>\n\t\t\t\t\t<\/div>\n\t\t<\/div>\n\t\t\t\t<div class=\"elementor-column elementor-col-50 elementor-top-column elementor-element elementor-element-1403768\" data-id=\"1403768\" data-element_type=\"column\">\n\t\t\t<div class=\"elementor-widget-wrap elementor-element-populated\">\n\t\t\t\t\t\t<section class=\"elementor-section elementor-inner-section elementor-element elementor-element-0032345 casillas elementor-section-boxed elementor-section-height-default elementor-section-height-default\" data-id=\"0032345\" data-element_type=\"section\">\n\t\t\t\t\t\t<div class=\"elementor-container elementor-column-gap-default\">\n\t\t\t\t\t<div class=\"elementor-column elementor-col-50 elementor-inner-column elementor-element elementor-element-bf65eae\" data-id=\"bf65eae\" data-element_type=\"column\">\n\t\t\t<div class=\"elementor-widget-wrap elementor-element-populated\">\n\t\t\t\t\t\t<div class=\"elementor-element elementor-element-50a29dc oew-flip-box-direction-down oew-flip-box-effect-flip oew-flip-box-3d-yes elementor-widget elementor-widget-oew-flip-box\" data-id=\"50a29dc\" data-element_type=\"widget\" data-widget_type=\"oew-flip-box.default\">\n\t\t\t\t<div class=\"elementor-widget-container\">\n\t\t\t\t\t\n\t\t<div class=\"oew-flip-box\">\n\n\t\t\t<div class=\"oew-flip-box-layer oew-flip-box-front\">\n\t\t\t\t<div class=\"oew-flip-box-layer-overlay\">\n\t\t\t\t\t<div class=\"oew-flip-box-layer-inner\">\n\t\t\t\t\t\t\t\t\t\t\t\t\t<div class=\"oew-flip-box-image\">\n\t\t\t\t\t\t\t\t<img fetchpriority=\"high\" decoding=\"async\" width=\"2560\" height=\"2560\" src=\"https:\/\/indesmalla.com\/wp-content\/uploads\/2023\/01\/01_A085-1-scaled.jpg\" class=\"attachment-full size-full wp-image-1386\" alt=\"\" srcset=\"https:\/\/indesmalla.com\/wp-content\/uploads\/2023\/01\/01_A085-1-scaled.jpg 2560w, https:\/\/indesmalla.com\/wp-content\/uploads\/2023\/01\/01_A085-1-300x300.jpg 300w, https:\/\/indesmalla.com\/wp-content\/uploads\/2023\/01\/01_A085-1-1024x1024.jpg 1024w, https:\/\/indesmalla.com\/wp-content\/uploads\/2023\/01\/01_A085-1-150x150.jpg 150w, https:\/\/indesmalla.com\/wp-content\/uploads\/2023\/01\/01_A085-1-768x768.jpg 768w, https:\/\/indesmalla.com\/wp-content\/uploads\/2023\/01\/01_A085-1-1536x1536.jpg 1536w, https:\/\/indesmalla.com\/wp-content\/uploads\/2023\/01\/01_A085-1-2048x2048.jpg 2048w, https:\/\/indesmalla.com\/wp-content\/uploads\/2023\/01\/01_A085-1-600x600.jpg 600w\" sizes=\"(max-width: 2560px) 100vw, 2560px\" \/>\t\t\t\t\t\t\t<\/div>\n\t\t\t\t\t\t\t\t\t\t\t\t<\/div>\n\t\t\t\t<\/div>\n\t\t\t<\/div>\n\n\t\t\t<div class=\"oew-flip-box-layer oew-flip-box-back\">\n\t\t\t\t<div class=\"oew-flip-box-layer-overlay\">\n\t\t\t\t\t<div class=\"oew-flip-box-layer-inner\">\n\t\t\t\t\t\t\t\t\t\t\t\t\t<h3 class=\"oew-flip-box-layer-title\">\n\t\t\t\t\t\t\t\tA085\t\t\t\t\t\t\t<\/h3>\n\t\t\t\t\t\t\t\t\t\t\t\t\t\t<div class=\"oew-flip-box-layer-desc\">\n\t\t\t\t\t\t\t\t100% PA<br>180 cm<br>135 g\/m2\t\t\t\t\t\t\t<\/div>\n\t\t\t\t\t\t\t\t\t\t\t\t<\/div>\n\t\t\t\t<\/div>\n\t\t\t<\/div>\n\n\t\t<\/div>\n\n\t\t\t\t\t\t<\/div>\n\t\t\t\t<\/div>\n\t\t\t\t<div class=\"elementor-element elementor-element-6e29a78 oew-flip-box-direction-down oew-flip-box-effect-flip oew-flip-box-3d-yes elementor-widget elementor-widget-oew-flip-box\" data-id=\"6e29a78\" data-element_type=\"widget\" data-widget_type=\"oew-flip-box.default\">\n\t\t\t\t<div class=\"elementor-widget-container\">\n\t\t\t\t\t\n\t\t<div class=\"oew-flip-box\">\n\n\t\t\t<div class=\"oew-flip-box-layer oew-flip-box-front\">\n\t\t\t\t<div class=\"oew-flip-box-layer-overlay\">\n\t\t\t\t\t<div class=\"oew-flip-box-layer-inner\">\n\t\t\t\t\t\t\t\t\t\t\t\t\t<div class=\"oew-flip-box-image\">\n\t\t\t\t\t\t\t\t<img decoding=\"async\" width=\"2560\" height=\"2560\" src=\"https:\/\/indesmalla.com\/wp-content\/uploads\/2023\/01\/01_A171-2-scaled.jpg\" class=\"attachment-full size-full wp-image-1391\" alt=\"\" srcset=\"https:\/\/indesmalla.com\/wp-content\/uploads\/2023\/01\/01_A171-2-scaled.jpg 2560w, https:\/\/indesmalla.com\/wp-content\/uploads\/2023\/01\/01_A171-2-300x300.jpg 300w, https:\/\/indesmalla.com\/wp-content\/uploads\/2023\/01\/01_A171-2-1024x1024.jpg 1024w, https:\/\/indesmalla.com\/wp-content\/uploads\/2023\/01\/01_A171-2-150x150.jpg 150w, https:\/\/indesmalla.com\/wp-content\/uploads\/2023\/01\/01_A171-2-768x768.jpg 768w, https:\/\/indesmalla.com\/wp-content\/uploads\/2023\/01\/01_A171-2-1536x1536.jpg 1536w, https:\/\/indesmalla.com\/wp-content\/uploads\/2023\/01\/01_A171-2-2048x2048.jpg 2048w, https:\/\/indesmalla.com\/wp-content\/uploads\/2023\/01\/01_A171-2-600x600.jpg 600w\" sizes=\"(max-width: 2560px) 100vw, 2560px\" \/>\t\t\t\t\t\t\t<\/div>\n\t\t\t\t\t\t\t\t\t\t\t\t<\/div>\n\t\t\t\t<\/div>\n\t\t\t<\/div>\n\n\t\t\t<div class=\"oew-flip-box-layer oew-flip-box-back\">\n\t\t\t\t<div class=\"oew-flip-box-layer-overlay\">\n\t\t\t\t\t<div class=\"oew-flip-box-layer-inner\">\n\t\t\t\t\t\t\t\t\t\t\t\t\t<h3 class=\"oew-flip-box-layer-title\">\n\t\t\t\t\t\t\t\tA171\t\t\t\t\t\t\t<\/h3>\n\t\t\t\t\t\t\t\t\t\t\t\t\t\t<div class=\"oew-flip-box-layer-desc\">\n\t\t\t\t\t\t\t\t100% PA<br>150 cm<br>285 g\/m2\t\t\t\t\t\t\t<\/div>\n\t\t\t\t\t\t\t\t\t\t\t\t<\/div>\n\t\t\t\t<\/div>\n\t\t\t<\/div>\n\n\t\t<\/div>\n\n\t\t\t\t\t\t<\/div>\n\t\t\t\t<\/div>\n\t\t\t\t<div class=\"elementor-element elementor-element-33804e9 oew-flip-box-direction-down oew-flip-box-effect-flip oew-flip-box-3d-yes elementor-widget elementor-widget-oew-flip-box\" data-id=\"33804e9\" data-element_type=\"widget\" data-widget_type=\"oew-flip-box.default\">\n\t\t\t\t<div class=\"elementor-widget-container\">\n\t\t\t\t\t\n\t\t<div class=\"oew-flip-box\">\n\n\t\t\t<div class=\"oew-flip-box-layer oew-flip-box-front\">\n\t\t\t\t<div class=\"oew-flip-box-layer-overlay\">\n\t\t\t\t\t<div class=\"oew-flip-box-layer-inner\">\n\t\t\t\t\t\t\t\t\t\t\t\t\t<div class=\"oew-flip-box-image\">\n\t\t\t\t\t\t\t\t<img decoding=\"async\" width=\"2560\" height=\"2560\" src=\"https:\/\/indesmalla.com\/wp-content\/uploads\/2023\/01\/01_A090-5-scaled.jpg\" class=\"attachment-full size-full wp-image-1387\" alt=\"\" srcset=\"https:\/\/indesmalla.com\/wp-content\/uploads\/2023\/01\/01_A090-5-scaled.jpg 2560w, https:\/\/indesmalla.com\/wp-content\/uploads\/2023\/01\/01_A090-5-300x300.jpg 300w, https:\/\/indesmalla.com\/wp-content\/uploads\/2023\/01\/01_A090-5-1024x1024.jpg 1024w, https:\/\/indesmalla.com\/wp-content\/uploads\/2023\/01\/01_A090-5-150x150.jpg 150w, https:\/\/indesmalla.com\/wp-content\/uploads\/2023\/01\/01_A090-5-768x768.jpg 768w, https:\/\/indesmalla.com\/wp-content\/uploads\/2023\/01\/01_A090-5-1536x1536.jpg 1536w, https:\/\/indesmalla.com\/wp-content\/uploads\/2023\/01\/01_A090-5-2048x2048.jpg 2048w, https:\/\/indesmalla.com\/wp-content\/uploads\/2023\/01\/01_A090-5-600x600.jpg 600w\" sizes=\"(max-width: 2560px) 100vw, 2560px\" \/>\t\t\t\t\t\t\t<\/div>\n\t\t\t\t\t\t\t\t\t\t\t\t<\/div>\n\t\t\t\t<\/div>\n\t\t\t<\/div>\n\n\t\t\t<div class=\"oew-flip-box-layer oew-flip-box-back\">\n\t\t\t\t<div class=\"oew-flip-box-layer-overlay\">\n\t\t\t\t\t<div class=\"oew-flip-box-layer-inner\">\n\t\t\t\t\t\t\t\t\t\t\t\t\t<h3 class=\"oew-flip-box-layer-title\">\n\t\t\t\t\t\t\t\tA090\t\t\t\t\t\t\t<\/h3>\n\t\t\t\t\t\t\t\t\t\t\t\t\t\t<div class=\"oew-flip-box-layer-desc\">\n\t\t\t\t\t\t\t\t100% PA<br>130 cm<br>85 g\/m2\t\t\t\t\t\t\t<\/div>\n\t\t\t\t\t\t\t\t\t\t\t\t<\/div>\n\t\t\t\t<\/div>\n\t\t\t<\/div>\n\n\t\t<\/div>\n\n\t\t\t\t\t\t<\/div>\n\t\t\t\t<\/div>\n\t\t\t\t<div class=\"elementor-element elementor-element-88eec50 oew-flip-box-direction-down oew-flip-box-effect-flip oew-flip-box-3d-yes elementor-widget elementor-widget-oew-flip-box\" data-id=\"88eec50\" data-element_type=\"widget\" data-widget_type=\"oew-flip-box.default\">\n\t\t\t\t<div class=\"elementor-widget-container\">\n\t\t\t\t\t\n\t\t<div class=\"oew-flip-box\">\n\n\t\t\t<div class=\"oew-flip-box-layer oew-flip-box-front\">\n\t\t\t\t<div class=\"oew-flip-box-layer-overlay\">\n\t\t\t\t\t<div class=\"oew-flip-box-layer-inner\">\n\t\t\t\t\t\t\t\t\t\t\t\t\t<div class=\"oew-flip-box-image\">\n\t\t\t\t\t\t\t\t<img loading=\"lazy\" decoding=\"async\" width=\"2560\" height=\"2560\" src=\"https:\/\/indesmalla.com\/wp-content\/uploads\/2023\/01\/01_A178-4-scaled.jpg\" class=\"attachment-full size-full wp-image-1392\" alt=\"\" srcset=\"https:\/\/indesmalla.com\/wp-content\/uploads\/2023\/01\/01_A178-4-scaled.jpg 2560w, https:\/\/indesmalla.com\/wp-content\/uploads\/2023\/01\/01_A178-4-300x300.jpg 300w, https:\/\/indesmalla.com\/wp-content\/uploads\/2023\/01\/01_A178-4-1024x1024.jpg 1024w, https:\/\/indesmalla.com\/wp-content\/uploads\/2023\/01\/01_A178-4-150x150.jpg 150w, https:\/\/indesmalla.com\/wp-content\/uploads\/2023\/01\/01_A178-4-768x768.jpg 768w, https:\/\/indesmalla.com\/wp-content\/uploads\/2023\/01\/01_A178-4-1536x1536.jpg 1536w, https:\/\/indesmalla.com\/wp-content\/uploads\/2023\/01\/01_A178-4-2048x2048.jpg 2048w, https:\/\/indesmalla.com\/wp-content\/uploads\/2023\/01\/01_A178-4-600x600.jpg 600w\" sizes=\"(max-width: 2560px) 100vw, 2560px\" \/>\t\t\t\t\t\t\t<\/div>\n\t\t\t\t\t\t\t\t\t\t\t\t<\/div>\n\t\t\t\t<\/div>\n\t\t\t<\/div>\n\n\t\t\t<div class=\"oew-flip-box-layer oew-flip-box-back\">\n\t\t\t\t<div class=\"oew-flip-box-layer-overlay\">\n\t\t\t\t\t<div class=\"oew-flip-box-layer-inner\">\n\t\t\t\t\t\t\t\t\t\t\t\t\t<h3 class=\"oew-flip-box-layer-title\">\n\t\t\t\t\t\t\t\tA178\t\t\t\t\t\t\t<\/h3>\n\t\t\t\t\t\t\t\t\t\t\t\t\t\t<div class=\"oew-flip-box-layer-desc\">\n\t\t\t\t\t\t\t\t100% PA<br>140 cm<br>205 g\/m2\t\t\t\t\t\t\t<\/div>\n\t\t\t\t\t\t\t\t\t\t\t\t<\/div>\n\t\t\t\t<\/div>\n\t\t\t<\/div>\n\n\t\t<\/div>\n\n\t\t\t\t\t\t<\/div>\n\t\t\t\t<\/div>\n\t\t\t\t\t<\/div>\n\t\t<\/div>\n\t\t\t\t<div class=\"elementor-column elementor-col-50 elementor-inner-column elementor-element elementor-element-36f13b7\" data-id=\"36f13b7\" data-element_type=\"column\">\n\t\t\t<div class=\"elementor-widget-wrap elementor-element-populated\">\n\t\t\t\t\t\t<div class=\"elementor-element elementor-element-19ca503 oew-flip-box-direction-down oew-flip-box-effect-flip oew-flip-box-3d-yes elementor-widget elementor-widget-oew-flip-box\" data-id=\"19ca503\" data-element_type=\"widget\" data-widget_type=\"oew-flip-box.default\">\n\t\t\t\t<div class=\"elementor-widget-container\">\n\t\t\t\t\t\n\t\t<div class=\"oew-flip-box\">\n\n\t\t\t<div class=\"oew-flip-box-layer oew-flip-box-front\">\n\t\t\t\t<div class=\"oew-flip-box-layer-overlay\">\n\t\t\t\t\t<div class=\"oew-flip-box-layer-inner\">\n\t\t\t\t\t\t\t\t\t\t\t\t\t<div class=\"oew-flip-box-image\">\n\t\t\t\t\t\t\t\t<img loading=\"lazy\" decoding=\"async\" width=\"2560\" height=\"2560\" src=\"https:\/\/indesmalla.com\/wp-content\/uploads\/2023\/01\/01_A166-1-scaled.jpg\" class=\"attachment-full size-full wp-image-1390\" alt=\"\" srcset=\"https:\/\/indesmalla.com\/wp-content\/uploads\/2023\/01\/01_A166-1-scaled.jpg 2560w, https:\/\/indesmalla.com\/wp-content\/uploads\/2023\/01\/01_A166-1-300x300.jpg 300w, https:\/\/indesmalla.com\/wp-content\/uploads\/2023\/01\/01_A166-1-1024x1024.jpg 1024w, https:\/\/indesmalla.com\/wp-content\/uploads\/2023\/01\/01_A166-1-150x150.jpg 150w, https:\/\/indesmalla.com\/wp-content\/uploads\/2023\/01\/01_A166-1-768x768.jpg 768w, https:\/\/indesmalla.com\/wp-content\/uploads\/2023\/01\/01_A166-1-1536x1536.jpg 1536w, https:\/\/indesmalla.com\/wp-content\/uploads\/2023\/01\/01_A166-1-2048x2048.jpg 2048w, https:\/\/indesmalla.com\/wp-content\/uploads\/2023\/01\/01_A166-1-600x600.jpg 600w\" sizes=\"(max-width: 2560px) 100vw, 2560px\" \/>\t\t\t\t\t\t\t<\/div>\n\t\t\t\t\t\t\t\t\t\t\t\t<\/div>\n\t\t\t\t<\/div>\n\t\t\t<\/div>\n\n\t\t\t<div class=\"oew-flip-box-layer oew-flip-box-back\">\n\t\t\t\t<div class=\"oew-flip-box-layer-overlay\">\n\t\t\t\t\t<div class=\"oew-flip-box-layer-inner\">\n\t\t\t\t\t\t\t\t\t\t\t\t\t<h3 class=\"oew-flip-box-layer-title\">\n\t\t\t\t\t\t\t\tA166\t\t\t\t\t\t\t<\/h3>\n\t\t\t\t\t\t\t\t\t\t\t\t\t\t<div class=\"oew-flip-box-layer-desc\">\n\t\t\t\t\t\t\t\t100% PA<br>160 cm<br>340 g\/m2\t\t\t\t\t\t\t<\/div>\n\t\t\t\t\t\t\t\t\t\t\t\t<\/div>\n\t\t\t\t<\/div>\n\t\t\t<\/div>\n\n\t\t<\/div>\n\n\t\t\t\t\t\t<\/div>\n\t\t\t\t<\/div>\n\t\t\t\t<div class=\"elementor-element elementor-element-46a4a66 oew-flip-box-direction-down oew-flip-box-effect-flip oew-flip-box-3d-yes elementor-widget elementor-widget-oew-flip-box\" data-id=\"46a4a66\" data-element_type=\"widget\" data-widget_type=\"oew-flip-box.default\">\n\t\t\t\t<div class=\"elementor-widget-container\">\n\t\t\t\t\t\n\t\t<div class=\"oew-flip-box\">\n\n\t\t\t<div class=\"oew-flip-box-layer oew-flip-box-front\">\n\t\t\t\t<div class=\"oew-flip-box-layer-overlay\">\n\t\t\t\t\t<div class=\"oew-flip-box-layer-inner\">\n\t\t\t\t\t\t\t\t\t\t\t\t\t<div class=\"oew-flip-box-image\">\n\t\t\t\t\t\t\t\t<img loading=\"lazy\" decoding=\"async\" width=\"2560\" height=\"2560\" src=\"https:\/\/indesmalla.com\/wp-content\/uploads\/2023\/01\/01_A166-1-scaled.jpg\" class=\"attachment-full size-full wp-image-1390\" alt=\"\" srcset=\"https:\/\/indesmalla.com\/wp-content\/uploads\/2023\/01\/01_A166-1-scaled.jpg 2560w, https:\/\/indesmalla.com\/wp-content\/uploads\/2023\/01\/01_A166-1-300x300.jpg 300w, https:\/\/indesmalla.com\/wp-content\/uploads\/2023\/01\/01_A166-1-1024x1024.jpg 1024w, https:\/\/indesmalla.com\/wp-content\/uploads\/2023\/01\/01_A166-1-150x150.jpg 150w, https:\/\/indesmalla.com\/wp-content\/uploads\/2023\/01\/01_A166-1-768x768.jpg 768w, https:\/\/indesmalla.com\/wp-content\/uploads\/2023\/01\/01_A166-1-1536x1536.jpg 1536w, https:\/\/indesmalla.com\/wp-content\/uploads\/2023\/01\/01_A166-1-2048x2048.jpg 2048w, https:\/\/indesmalla.com\/wp-content\/uploads\/2023\/01\/01_A166-1-600x600.jpg 600w\" sizes=\"(max-width: 2560px) 100vw, 2560px\" \/>\t\t\t\t\t\t\t<\/div>\n\t\t\t\t\t\t\t\t\t\t\t\t<\/div>\n\t\t\t\t<\/div>\n\t\t\t<\/div>\n\n\t\t\t<div class=\"oew-flip-box-layer oew-flip-box-back\">\n\t\t\t\t<div class=\"oew-flip-box-layer-overlay\">\n\t\t\t\t\t<div class=\"oew-flip-box-layer-inner\">\n\t\t\t\t\t\t\t\t\t\t\t\t\t<h3 class=\"oew-flip-box-layer-title\">\n\t\t\t\t\t\t\t\tA166 ESCUMA\t\t\t\t\t\t\t<\/h3>\n\t\t\t\t\t\t\t\t\t\t\t\t\t\t<div class=\"oew-flip-box-layer-desc\">\n\t\t\t\t\t\t\t\t100% PA<br>150 cm<br>590 g\/m2\t\t\t\t\t\t\t<\/div>\n\t\t\t\t\t\t\t\t\t\t\t\t<\/div>\n\t\t\t\t<\/div>\n\t\t\t<\/div>\n\n\t\t<\/div>\n\n\t\t\t\t\t\t<\/div>\n\t\t\t\t<\/div>\n\t\t\t\t<div class=\"elementor-element elementor-element-24f11a8 oew-flip-box-direction-down oew-flip-box-effect-flip oew-flip-box-3d-yes elementor-widget elementor-widget-oew-flip-box\" data-id=\"24f11a8\" data-element_type=\"widget\" data-widget_type=\"oew-flip-box.default\">\n\t\t\t\t<div class=\"elementor-widget-container\">\n\t\t\t\t\t\n\t\t<div class=\"oew-flip-box\">\n\n\t\t\t<div class=\"oew-flip-box-layer oew-flip-box-front\">\n\t\t\t\t<div class=\"oew-flip-box-layer-overlay\">\n\t\t\t\t\t<div class=\"oew-flip-box-layer-inner\">\n\t\t\t\t\t\t\t\t\t\t\t\t\t<div class=\"oew-flip-box-image\">\n\t\t\t\t\t\t\t\t<img loading=\"lazy\" decoding=\"async\" width=\"2560\" height=\"2560\" src=\"https:\/\/indesmalla.com\/wp-content\/uploads\/2023\/01\/01_A095-5-scaled.jpg\" class=\"attachment-full size-full wp-image-1389\" alt=\"\" srcset=\"https:\/\/indesmalla.com\/wp-content\/uploads\/2023\/01\/01_A095-5-scaled.jpg 2560w, https:\/\/indesmalla.com\/wp-content\/uploads\/2023\/01\/01_A095-5-300x300.jpg 300w, https:\/\/indesmalla.com\/wp-content\/uploads\/2023\/01\/01_A095-5-1024x1024.jpg 1024w, https:\/\/indesmalla.com\/wp-content\/uploads\/2023\/01\/01_A095-5-150x150.jpg 150w, https:\/\/indesmalla.com\/wp-content\/uploads\/2023\/01\/01_A095-5-768x768.jpg 768w, https:\/\/indesmalla.com\/wp-content\/uploads\/2023\/01\/01_A095-5-1536x1536.jpg 1536w, https:\/\/indesmalla.com\/wp-content\/uploads\/2023\/01\/01_A095-5-2048x2048.jpg 2048w, https:\/\/indesmalla.com\/wp-content\/uploads\/2023\/01\/01_A095-5-600x600.jpg 600w\" sizes=\"(max-width: 2560px) 100vw, 2560px\" \/>\t\t\t\t\t\t\t<\/div>\n\t\t\t\t\t\t\t\t\t\t\t\t<\/div>\n\t\t\t\t<\/div>\n\t\t\t<\/div>\n\n\t\t\t<div class=\"oew-flip-box-layer oew-flip-box-back\">\n\t\t\t\t<div class=\"oew-flip-box-layer-overlay\">\n\t\t\t\t\t<div class=\"oew-flip-box-layer-inner\">\n\t\t\t\t\t\t\t\t\t\t\t\t\t<h3 class=\"oew-flip-box-layer-title\">\n\t\t\t\t\t\t\t\tA095\t\t\t\t\t\t\t<\/h3>\n\t\t\t\t\t\t\t\t\t\t\t\t\t\t<div class=\"oew-flip-box-layer-desc\">\n\t\t\t\t\t\t\t\t100% PA<br>120 cm<br>175 g\/m2\t\t\t\t\t\t\t<\/div>\n\t\t\t\t\t\t\t\t\t\t\t\t<\/div>\n\t\t\t\t<\/div>\n\t\t\t<\/div>\n\n\t\t<\/div>\n\n\t\t\t\t\t\t<\/div>\n\t\t\t\t<\/div>\n\t\t\t\t\t<\/div>\n\t\t<\/div>\n\t\t\t\t\t<\/div>\n\t\t<\/section>\n\t\t\t\t\t<\/div>\n\t\t<\/div>\n\t\t\t\t\t<\/div>\n\t\t<\/section>\n\t\t\t\t<\/div>","protected":false},"excerpt":{"rendered":"<p>Velours Fabricamos diferentes tipos de Velours destinados a un mercado donde se valora una excelente funcionalidad. Algunos de ellos est\u00e1n dise\u00f1ados para m\u00faltiples aplicaciones de cierre mec\u00e1nico cuando son utilizados en combinaci\u00f3n con la base de gancho. A085 100% PA180 cm135 gr\/m2 A171 100% PA150 cm285 gr\/m2 A090 100% PA130 cm85 gr\/m2 A178 100% PA140 [&hellip;]<\/p>","protected":false},"author":1,"featured_media":0,"parent":1382,"menu_order":0,"comment_status":"closed","ping_status":"closed","template":"","meta":{"ocean_post_layout":"full-screen","ocean_both_sidebars_style":"","ocean_both_sidebars_content_width":0,"ocean_both_sidebars_sidebars_width":0,"ocean_sidebar":"0","ocean_second_sidebar":"0","ocean_disable_margins":"on","ocean_add_body_class":"","ocean_shortcode_before_top_bar":"","ocean_shortcode_after_top_bar":"","ocean_shortcode_before_header":"","ocean_shortcode_after_header":"","ocean_has_shortcode":"","ocean_shortcode_after_title":"","ocean_shortcode_before_footer_widgets":"","ocean_shortcode_after_footer_widgets":"","ocean_shortcode_before_footer_bottom":"","ocean_shortcode_after_footer_bottom":"","ocean_display_top_bar":"default","ocean_display_header":"default","ocean_header_style":"","ocean_center_header_left_menu":"0","ocean_custom_header_template":"0","ocean_custom_logo":0,"ocean_custom_retina_logo":0,"ocean_custom_logo_max_width":0,"ocean_custom_logo_tablet_max_width":0,"ocean_custom_logo_mobile_max_width":0,"ocean_custom_logo_max_height":0,"ocean_custom_logo_tablet_max_height":0,"ocean_custom_logo_mobile_max_height":0,"ocean_header_custom_menu":"0","ocean_menu_typo_font_family":"0","ocean_menu_typo_font_subset":"","ocean_menu_typo_font_size":0,"ocean_menu_typo_font_size_tablet":0,"ocean_menu_typo_font_size_mobile":0,"ocean_menu_typo_font_size_unit":"px","ocean_menu_typo_font_weight":"","ocean_menu_typo_font_weight_tablet":"","ocean_menu_typo_font_weight_mobile":"","ocean_menu_typo_transform":"","ocean_menu_typo_transform_tablet":"","ocean_menu_typo_transform_mobile":"","ocean_menu_typo_line_height":0,"ocean_menu_typo_line_height_tablet":0,"ocean_menu_typo_line_height_mobile":0,"ocean_menu_typo_line_height_unit":"","ocean_menu_typo_spacing":0,"ocean_menu_typo_spacing_tablet":0,"ocean_menu_typo_spacing_mobile":0,"ocean_menu_typo_spacing_unit":"","ocean_menu_link_color":"","ocean_menu_link_color_hover":"","ocean_menu_link_color_active":"","ocean_menu_link_background":"","ocean_menu_link_hover_background":"","ocean_menu_link_active_background":"","ocean_menu_social_links_bg":"","ocean_menu_social_hover_links_bg":"","ocean_menu_social_links_color":"","ocean_menu_social_hover_links_color":"","ocean_disable_title":"on","ocean_disable_heading":"default","ocean_post_title":"","ocean_post_subheading":"","ocean_post_title_style":"","ocean_post_title_background_color":"","ocean_post_title_background":0,"ocean_post_title_bg_image_position":"","ocean_post_title_bg_image_attachment":"","ocean_post_title_bg_image_repeat":"","ocean_post_title_bg_image_size":"","ocean_post_title_height":0,"ocean_post_title_bg_overlay":0.5,"ocean_post_title_bg_overlay_color":"","ocean_disable_breadcrumbs":"default","ocean_breadcrumbs_color":"","ocean_breadcrumbs_separator_color":"","ocean_breadcrumbs_links_color":"","ocean_breadcrumbs_links_hover_color":"","ocean_display_footer_widgets":"default","ocean_display_footer_bottom":"default","ocean_custom_footer_template":"0","osh_disable_topbar_sticky":"default","osh_disable_header_sticky":"default","osh_sticky_header_style":"default","osh_sticky_header_effect":"","osh_custom_sticky_logo":0,"osh_custom_retina_sticky_logo":0,"osh_custom_sticky_logo_height":0,"osh_background_color":"","osh_links_color":"","osh_links_hover_color":"","osh_links_active_color":"","osh_links_bg_color":"","osh_links_hover_bg_color":"","osh_links_active_bg_color":"","osh_menu_social_links_color":"","osh_menu_social_hover_links_color":"","footnotes":""},"class_list":["post-1384","page","type-page","status-publish","hentry","entry"],"_links":{"self":[{"href":"https:\/\/indesmalla.com\/ca\/wp-json\/wp\/v2\/pages\/1384","targetHints":{"allow":["GET"]}}],"collection":[{"href":"https:\/\/indesmalla.com\/ca\/wp-json\/wp\/v2\/pages"}],"about":[{"href":"https:\/\/indesmalla.com\/ca\/wp-json\/wp\/v2\/types\/page"}],"author":[{"embeddable":true,"href":"https:\/\/indesmalla.com\/ca\/wp-json\/wp\/v2\/users\/1"}],"replies":[{"embeddable":true,"href":"https:\/\/indesmalla.com\/ca\/wp-json\/wp\/v2\/comments?post=1384"}],"version-history":[{"count":10,"href":"https:\/\/indesmalla.com\/ca\/wp-json\/wp\/v2\/pages\/1384\/revisions"}],"predecessor-version":[{"id":2042,"href":"https:\/\/indesmalla.com\/ca\/wp-json\/wp\/v2\/pages\/1384\/revisions\/2042"}],"up":[{"embeddable":true,"href":"https:\/\/indesmalla.com\/ca\/wp-json\/wp\/v2\/pages\/1382"}],"wp:attachment":[{"href":"https:\/\/indesmalla.com\/ca\/wp-json\/wp\/v2\/media?parent=1384"}],"curies":[{"name":"wp","href":"https:\/\/api.w.org\/{rel}","templated":true}]}}