{"id":1232,"date":"2022-09-09T09:49:07","date_gmt":"2022-09-09T07:49:07","guid":{"rendered":"http:\/\/indesmalla.com\/?page_id=1232"},"modified":"2022-09-09T09:52:37","modified_gmt":"2022-09-09T07:52:37","slug":"politica-de-privacidad","status":"publish","type":"page","link":"https:\/\/indesmalla.com\/ca\/politica-de-privacidad\/","title":{"rendered":"Pol\u00edtica de privadesa"},"content":{"rendered":"<div data-elementor-type=\"wp-post\" data-elementor-id=\"1232\" class=\"elementor elementor-1232\" data-elementor-post-type=\"page\">\n\t\t\t\t\t\t<section class=\"elementor-section elementor-top-section elementor-element elementor-element-41e5721 elementor-section-full_width elementor-section-stretched elementor-section-height-default elementor-section-height-default\" data-id=\"41e5721\" data-element_type=\"section\" data-settings=\"{&quot;stretch_section&quot;:&quot;section-stretched&quot;,&quot;background_background&quot;:&quot;classic&quot;}\">\n\t\t\t\t\t\t<div class=\"elementor-container elementor-column-gap-no\">\n\t\t\t\t\t<div class=\"elementor-column elementor-col-100 elementor-top-column elementor-element elementor-element-be6614e\" data-id=\"be6614e\" data-element_type=\"column\">\n\t\t\t<div class=\"elementor-widget-wrap\">\n\t\t\t\t\t\t\t<\/div>\n\t\t<\/div>\n\t\t\t\t\t<\/div>\n\t\t<\/section>\n\t\t\t\t<section class=\"elementor-section elementor-top-section elementor-element elementor-element-730ddac elementor-section-boxed elementor-section-height-default elementor-section-height-default\" data-id=\"730ddac\" data-element_type=\"section\">\n\t\t\t\t\t\t<div class=\"elementor-container elementor-column-gap-default\">\n\t\t\t\t\t<div class=\"elementor-column elementor-col-100 elementor-top-column elementor-element elementor-element-90fa91b\" data-id=\"90fa91b\" data-element_type=\"column\">\n\t\t\t<div class=\"elementor-widget-wrap elementor-element-populated\">\n\t\t\t\t\t\t<div class=\"elementor-element elementor-element-a926c43 elementor-widget elementor-widget-heading\" data-id=\"a926c43\" data-element_type=\"widget\" data-widget_type=\"heading.default\">\n\t\t\t\t<div class=\"elementor-widget-container\">\n\t\t\t\t\t<h2 class=\"elementor-heading-title elementor-size-default\">POL\u00cdTICA DE PRIVACITAT<\/h2>\t\t\t\t<\/div>\n\t\t\t\t<\/div>\n\t\t\t\t<div class=\"elementor-element elementor-element-89f0f58 elementor-widget elementor-widget-text-editor\" data-id=\"89f0f58\" data-element_type=\"widget\" data-widget_type=\"text-editor.default\">\n\t\t\t\t<div class=\"elementor-widget-container\">\n\t\t\t\t\t\t\t\t\t<p><strong>Av\u00eds legal INDESMALLA<\/strong><\/p><p>L'USUARI que accede i utilitza aquesta p\u00e0gina web coneix i accepta les condicions generals aqu\u00ed redactades, i les modificacions que es produeixin, havent d'accedir-hi peri\u00f2dicament per al seu coneixement.<\/p><p>La p\u00e0gina web inclou textos, gr\u00e0fics, imatges, v\u00eddeos, sons, dibuixos, fotografies i programari inclosos en la mateixa, ja siguin susceptibles o no de propietat intel\u00b7lectual.<\/p><p><strong>PRIMERA. \u2013 TITULAR DE LA WEB<\/strong><\/p><p>El titular de la web \u00e9s INDESMALLA S.A. amb CIF: A08313801, amb domicili social a PINEDA DE MAR, (d\u2019ara endavant INDESMALLA). Podeu contactar amb INDESMALLA per tel\u00e8fon:\u00a0<a href=\"tel:\/\/937643737\">937643737<\/a>\u00a0el correu electr\u00f2nic:\u00a0<a href=\"mailto:indes@indesmalla.com\">indes@indesmalla.com<\/a><\/p><p><strong>SEGONA. \u2013 OBJECTE DE LA WEB<\/strong><\/p><p>INDESMALLA posa a disposici\u00f3 del p\u00fablic (d\u2019ara endavant USUARI), que accedeixi al domini www.indesmalla.com (d\u2019ara endavant WEB), informaci\u00f3 i dades (d\u2019ara endavant CONTINGUTS), mitjan\u00e7ant una web de car\u00e0cter informatiu. Els continguts de la web s\u00f3n proporcionats i creats per INDESMALLA.<\/p><p><strong>TERCERA. \u2013 ACC\u00c9S A LA WEB<\/strong><\/p><p>L'acc\u00e9s i \u00fas de la WEB per part dels usuaris \u00e9s gratu\u00eft, sense necessitat d'autoritzaci\u00f3 pr\u00e8via, subscripci\u00f3 o registre.<\/p><p>L'acc\u00e9s i \u00fas de l'USUARI a aquesta WEB no implica cap obligaci\u00f3 sobre la qualitat i velocitat de l'acc\u00e9s per part d'INDESMALLA, que podr\u00e0 modificar les condicions d'acc\u00e9s o suspendre l'acc\u00e9s a la WEB, o part de la web, sense av\u00eds previ, no responsabilitzant-se INDESMALLA de les conseq\u00fc\u00e8ncies, danys i perjudicis ocasionats per la modificaci\u00f3 de l'acc\u00e9s i la suspensi\u00f3 de la WEB.<\/p><p>El maquinari i programari necessaris per accedir a la web seran a c\u00e0rrec dels USUARIS. INDESMALLA no ser\u00e0 responsable del funcionament ni de les conseq\u00fc\u00e8ncies d\u2019aquests, ni dels drets d\u2019\u00fas o llic\u00e8ncies requerits per a la seva utilitzaci\u00f3.<\/p><p>Tampoc ser\u00e0 responsable INDESMALLA de cap anomalia, mal funcionament, deteriorament, esborrament de dades o programari que es produeixi en els equips o sistemes dels USUARIS, com a conseq\u00fc\u00e8ncia directa o indirecta de l'acc\u00e9s o intent d'acc\u00e9s a la WEB.<\/p><p>El servei prestat per INDESMALLA mitjan\u00e7ant la seva WEB \u00e9s per temps indefinit, sense perjudici de poder suspendre o cancel\u00b7lar aquest sense av\u00eds previ.<\/p><p><strong>QUARTA. \u2013 CONTINGUTS DE LA WEB<\/strong><\/p><p>L'idioma utilitzat per a INDESMALLA a la WEB ser\u00e0 el Catal\u00e0 i el Castell\u00e0, sense perjudici de la utilitzaci\u00f3 d'altres lleng\u00fces, nacionals o auton\u00f2miques. INDESMALLA no es responsabilitza de la no comprensi\u00f3 o enteniment de l'idioma de la WEB per part de l'usuari, ni de les conseq\u00fc\u00e8ncies.<\/p><p>Els continguts de la WEB tenen com a finalitat informar i donar a con\u00e8ixer les activitats i productes creats per INDESMALLA i tenen un car\u00e0cter general i orientatiu, no essent vinculants per a INDESMALLA.<\/p><p>INDESMALLA podr\u00e0 modificar els continguts sense av\u00eds previ, aix\u00ed com suprimir i canviar aquests dins la WEB, aix\u00ed com la forma d'accedir-hi, sense cap justificaci\u00f3 i lliurement, no responsabilitzant-se de les conseq\u00fc\u00e8ncies que aquests puguin ocasionar als usuaris.<\/p><p>S\u00f3n propietat d\u2019INDESMALLA tots els drets de propietat industrial i intel\u00b7lectual de la WEB, aix\u00ed com dels continguts que allotja. Qualsevol \u00fas de la WEB o dels seus continguts haur\u00e0 de tenir un car\u00e0cter exclusivament particular. Est\u00e0 reservat exclusivament a INDESMALLA qualsevol altre \u00fas que impliqui la c\u00f2pia, reproducci\u00f3, distribuci\u00f3, transformaci\u00f3, comunicaci\u00f3 p\u00fablica o qualsevol altra acci\u00f3 similar, de tot o part dels continguts de la p\u00e0gina web, aix\u00ed com d\u2019aquesta mateixa, per la qual cosa cap USUARI podr\u00e0 dur a terme aquestes accions sense l\u2019autoritzaci\u00f3 pr\u00e8via i per escrit d\u2019INDESMALLA.<\/p><p>Es prohibeix l'\u00fas dels continguts de la WEB per promocionar, contractar o divulgar publicitat o informaci\u00f3 pr\u00f2pia o de tercers sense l'autoritzaci\u00f3 d'INDESMALLA ni enviar publicitat o informaci\u00f3 fent servir els serveis o informaci\u00f3 que es posen a disposici\u00f3 dels usuaris, independentment de si la utilitzaci\u00f3 \u00e9s gratu\u00efta o no.<\/p><p>Els enlla\u00e7os o hiperenlla\u00e7os que tercers incorporin a les seves p\u00e0gines web, dirigits a aquesta WEB, seran per a l'obertura de la p\u00e0gina web completa, no podent manifestar, directa o indirectament, indicacions falses, inexactes o confuses, ni inc\u00f3rrer en accions deslleials o il\u00b7l\u00edcites contra INDESMALLA.<\/p><p>INDESMALLA no es fa responsable de la fiabilitat i rapidesa dels hiperenlla\u00e7os que s'incorporin a la WEB per a l'obertura d'altres. INDESMALLA no garanteix la utilitat d'aquests enlla\u00e7os, ni es responsabilitza dels continguts o serveis als quals pugui accedir l'USUARI mitjan\u00e7ant aquests enlla\u00e7os, ni del bon funcionament d'aquestes webs.<\/p><p><strong>CINQUENA. \u2013 USUARIS DE LA WEB<\/strong><\/p><p>Els usuaris que accedeixin al web d'INDESMALLA ho faran conforme a la Llei, i s'obliguen en tot moment a no accedir al web ni als continguts de manera contr\u00e0ria a l'establerta i\/o amb fins il\u00b7l\u00edcits, lesius de drets i llibertats de tercers, o que puguin danyar, deteriorar, saturar o alentir el web, en perjudici d'INDESMALLA o de tercers usuaris.<\/p><p>Els usuaris no faran \u00fas dels continguts de la web de manera contr\u00e0ria a la Llei, (especialment la Llei de Propietat Intel\u00b7lectual i Industrial), usos i costums i ordre p\u00fablic, ni copiaran, distribuiran, difondran, transformaran, modificaran o manipularan aquests.<\/p><p>INDESMALLA no disposa al seu WEB de productes o serveis a disposici\u00f3 dels usuaris on aquests hagin d'introduir qualsevol tipus de continguts o informaci\u00f3, com poden ser grups de not\u00edcies, xat, f\u00f2rums o altres de car\u00e0cter similar.<\/p><p>L'acc\u00e9s als continguts de la WEB per part de l'USUARI ser\u00e0 sota la seva total responsabilitat, no podent repercutir a INDESMALLA cap conseq\u00fc\u00e8ncia derivada directa o indirectament de l'acc\u00e9s a la web, ja sigui d'\u00e0mbit f\u00edsic, l\u00f2gic, moral o personal.<\/p><p>INDESMALLA podr\u00e0 responsabilitzar els usuaris que, fent un mal \u00fas de la WEB, causessin danys o perjudicis a terceres persones, aix\u00ed com dels possibles virus o programes inform\u00e0tics que poguessin introduir, generar, allotjar a la web, i deteriorin o puguin deteriorar tant els continguts com el bon funcionament d\u2019aquesta, aix\u00ed com els equips, sistemes i programes dels usuaris de la web.<\/p><p>INDESMALLA podr\u00e0 dirigir-se contra els usuaris sobre totes les reclamacions, indemnitzacions, multes o sancions administratives que recaiguin sobre INDESMALLA i siguin responsabilitat directa o indirecta d'algun USUARI dels continguts o serveis de la WEB.<\/p><p>Tots els usuaris que coneguin alguna actuaci\u00f3 que estigui deteriorant o pugui deteriorar el bon funcionament de la WEB d'INDESMALLA modificant o alterant els continguts d\u2019aquesta, hauran de comunicar-ho immediatament a INDESMALLA.<\/p><p><strong>Pol\u00edtica de Protecci\u00f3 de Dades<\/strong><\/p><p>En compliment de la Llei Org\u00e0nica 15\/1999, de 13 de desembre, de Protecci\u00f3 de Dades de Car\u00e0cter Personal i la seva normativa de desenvolupament, s'informa que les dades personals facilitades per vost\u00e8 seran incorporades a un fitxer automatitzat del qual \u00e9s responsable INDESMALLA, amb la finalitat d'oferir-li informaci\u00f3 dels nostres productes.<\/p><p>Mitjan\u00e7ant la cumplimentaci\u00f3 de formularis de contacte, o mitjan\u00e7ant l'enviament de correus electr\u00f2nics o qualsevol altre tipus de sol\u00b7licitud d'informaci\u00f3 remesa a INDESMALLA, l'interessat presta el seu consentiment expr\u00e9s per al tractament de les seves dades personals i per rebre comunicacions comercials sobre els productes d'INDESMALLA.<\/p><p>En cap cas INDESMALLA utilitzar\u00e0 les dades personals dels interessats per a finalitats diferents de les anteriorment esmentades, i es compromet a guardar el degut secret professional i a establir les mesures t\u00e8cniques i organitzatives necess\u00e0ries per salvaguardar la informaci\u00f3 conforme als requisits que estableix el RD 1720\/2007, de desenvolupament de la LOPD.<\/p><p>Pot exercir els drets d'acc\u00e9s, rectificaci\u00f3, cancel\u00b7laci\u00f3 i oposici\u00f3 en qualsevol moment, mitjan\u00e7ant escrit, acompanyat de c\u00f2pia de document oficial que l'identifiqui, adre\u00e7at a:<\/p><p>Passatge Hortsaviny\u00e0, s\/n \u2013 08397 \u2013 PINEDA DE MAR \u2013 BARCELONA<\/p><p>Tamb\u00e9 podr\u00e0 oposar-se als nostres enviaments de comunicacions comercials (art.12.2 de la LSSI) a trav\u00e9s de la seg\u00fcent adre\u00e7a de correu electr\u00f2nic: indes@indesmalla.com<\/p><p><strong>Pol\u00edtica de Protecci\u00f3 de Menors<\/strong><\/p><p>Qui facilita les dades a trav\u00e9s dels formularis d\u2019aquest lloc web i accepta el seu tractament declara formalment ser major de 14 anys.<\/p><p>Queda prohibit l'acc\u00e9s i l'\u00fas del portal als menors de 14 anys.<\/p><p>L'empresa INDESMALLA recorda a les persones majors d'edat que tinguin a c\u00e0rrec menors, que ser\u00e0 de la seva exclusiva responsabilitat si algun menor incorpora les seves dades per sol\u00b7licitar algun servei o producte.<\/p><p>Tamb\u00e9 els informa que existeixen programes inform\u00e0tics per filtrar la navegaci\u00f3 mitjan\u00e7ant el filtre o bloqueig a determinats continguts.<\/p><p><strong>Enlla\u00e7os a altres webs<\/strong><\/p><p>Els enlla\u00e7os (links) que podeu trobar en aquesta Web s\u00f3n un servei als usuaris. Aquestes p\u00e0gines no s\u00f3n operades ni controlades per INDESMALLA, per aix\u00f2, INDESMALLA no es fa responsable dels continguts d\u2019aquests llocs web ni estan coberts per aquest Av\u00eds Legal.<\/p><p>Si accedeix a aquestes p\u00e0gines web haur\u00e0 de tenir en compte que les seves pol\u00edtiques de privadesa poden ser diferents de les nostres.<\/p><p><strong>Legislaci\u00f3 aplicable i compet\u00e8ncia jurisdiccional<\/strong><\/p><p>El present Av\u00eds Legal es regeix per la normativa espanyola vigent que li \u00e9s aplicable.<\/p><p>Per a la resoluci\u00f3 de les controv\u00e8rsies que puguin derivar-se com a conseq\u00fc\u00e8ncia del que disposen aquestes disposicions i sobre la seva interpretaci\u00f3, aplicaci\u00f3 i compliment. L'usuari, en virtut de l'acceptaci\u00f3 de les condicions recollides en aquest Av\u00eds legal, renuncia expressament a qualsevol altre lloc que li pogu\u00e9s correspondre.<\/p><p>En qualsevol cas, dins de la jurisdicci\u00f3 espanyola, si la legislaci\u00f3 permet\u00e9s sotmetre's a un lloc concret, l'usuari renuncia expressament al lloc que li pogu\u00e9s correspondre i es sotmet volunt\u00e0riament a la jurisdicci\u00f3 dels Jutjats i Tribunals de Barcelona.<\/p><p><strong>\u00daS DE COOKIES<\/strong><\/p><p>En compliment amb el deure d'informaci\u00f3 recollit a l'article 10 de la Llei 34\/2002, de l'11 de juliol, de Serveis de la Societat de la Informaci\u00f3 i del Comer\u00e7 Electr\u00f2nic, INDESMALLA ha adoptat les mesures exigides pel que fa a l'\u00fas de cookies, podeu consultar la nostra\u00a0<a href=\"https:\/\/indesmalla.com\/ca\/politica-de-cookies\/\"><strong>pol\u00edtica de galetes<\/strong><\/a>.<\/p><p>El lloc web del prestador pot utilitzar cookies (petits fitxers de text que el servidor envia a l'ordinador de qui accedeix a la p\u00e0gina). Es tracta d'una t\u00e8cnica utilitzada habitualment a Internet per dur a terme determinades funcions que es consideren imprescindibles per al correcte funcionament i visualitzaci\u00f3 del lloc. Les cookies utilitzades al lloc web tenen, en tot cas, car\u00e0cter temporal amb l'\u00fanica finalitat de fer m\u00e9s efica\u00e7 la seva transmissi\u00f3 ulterior i desapareixen en acabar la sessi\u00f3 de l'usuari. En cap cas s'utilitzaran les cookies per recollir informaci\u00f3 de car\u00e0cter personal.<\/p>\t\t\t\t\t\t\t\t<\/div>\n\t\t\t\t<\/div>\n\t\t\t\t\t<\/div>\n\t\t<\/div>\n\t\t\t\t\t<\/div>\n\t\t<\/section>\n\t\t\t\t<\/div>","protected":false},"excerpt":{"rendered":"<p>POL\u00cdTICA DE PRIVACIDAD Aviso legal INDESMALLA El USUARIO que accede y usa esta p\u00e1gina web conoce y acepta las condiciones generales aqu\u00ed redactadas, y las modificaciones que se produzcan, debiendo acceder peri\u00f3dicamente a \u00e9stas para su conocimiento. La p\u00e1gina web incluye textos, gr\u00e1ficos, im\u00e1genes, v\u00eddeos, sonidos, dibujos, fotograf\u00edas y software incluidos en la misma, ya [&hellip;]<\/p>","protected":false},"author":1,"featured_media":0,"parent":0,"menu_order":0,"comment_status":"closed","ping_status":"closed","template":"","meta":{"ocean_post_layout":"full-screen","ocean_both_sidebars_style":"","ocean_both_sidebars_content_width":0,"ocean_both_sidebars_sidebars_width":0,"ocean_sidebar":"0","ocean_second_sidebar":"0","ocean_disable_margins":"on","ocean_add_body_class":"","ocean_shortcode_before_top_bar":"","ocean_shortcode_after_top_bar":"","ocean_shortcode_before_header":"","ocean_shortcode_after_header":"","ocean_has_shortcode":"","ocean_shortcode_after_title":"","ocean_shortcode_before_footer_widgets":"","ocean_shortcode_after_footer_widgets":"","ocean_shortcode_before_footer_bottom":"","ocean_shortcode_after_footer_bottom":"","ocean_display_top_bar":"default","ocean_display_header":"default","ocean_header_style":"","ocean_center_header_left_menu":"0","ocean_custom_header_template":"0","ocean_custom_logo":0,"ocean_custom_retina_logo":0,"ocean_custom_logo_max_width":0,"ocean_custom_logo_tablet_max_width":0,"ocean_custom_logo_mobile_max_width":0,"ocean_custom_logo_max_height":0,"ocean_custom_logo_tablet_max_height":0,"ocean_custom_logo_mobile_max_height":0,"ocean_header_custom_menu":"0","ocean_menu_typo_font_family":"0","ocean_menu_typo_font_subset":"","ocean_menu_typo_font_size":0,"ocean_menu_typo_font_size_tablet":0,"ocean_menu_typo_font_size_mobile":0,"ocean_menu_typo_font_size_unit":"px","ocean_menu_typo_font_weight":"","ocean_menu_typo_font_weight_tablet":"","ocean_menu_typo_font_weight_mobile":"","ocean_menu_typo_transform":"","ocean_menu_typo_transform_tablet":"","ocean_menu_typo_transform_mobile":"","ocean_menu_typo_line_height":0,"ocean_menu_typo_line_height_tablet":0,"ocean_menu_typo_line_height_mobile":0,"ocean_menu_typo_line_height_unit":"","ocean_menu_typo_spacing":0,"ocean_menu_typo_spacing_tablet":0,"ocean_menu_typo_spacing_mobile":0,"ocean_menu_typo_spacing_unit":"","ocean_menu_link_color":"","ocean_menu_link_color_hover":"","ocean_menu_link_color_active":"","ocean_menu_link_background":"","ocean_menu_link_hover_background":"","ocean_menu_link_active_background":"","ocean_menu_social_links_bg":"","ocean_menu_social_hover_links_bg":"","ocean_menu_social_links_color":"","ocean_menu_social_hover_links_color":"","ocean_disable_title":"on","ocean_disable_heading":"default","ocean_post_title":"","ocean_post_subheading":"","ocean_post_title_style":"","ocean_post_title_background_color":"","ocean_post_title_background":0,"ocean_post_title_bg_image_position":"","ocean_post_title_bg_image_attachment":"","ocean_post_title_bg_image_repeat":"","ocean_post_title_bg_image_size":"","ocean_post_title_height":0,"ocean_post_title_bg_overlay":0.5,"ocean_post_title_bg_overlay_color":"","ocean_disable_breadcrumbs":"default","ocean_breadcrumbs_color":"","ocean_breadcrumbs_separator_color":"","ocean_breadcrumbs_links_color":"","ocean_breadcrumbs_links_hover_color":"","ocean_display_footer_widgets":"default","ocean_display_footer_bottom":"default","ocean_custom_footer_template":"0","osh_disable_topbar_sticky":"default","osh_disable_header_sticky":"default","osh_sticky_header_style":"default","osh_sticky_header_effect":"","osh_custom_sticky_logo":0,"osh_custom_retina_sticky_logo":0,"osh_custom_sticky_logo_height":0,"osh_background_color":"","osh_links_color":"","osh_links_hover_color":"","osh_links_active_color":"","osh_links_bg_color":"","osh_links_hover_bg_color":"","osh_links_active_bg_color":"","osh_menu_social_links_color":"","osh_menu_social_hover_links_color":"","footnotes":""},"class_list":["post-1232","page","type-page","status-publish","hentry","entry"],"_links":{"self":[{"href":"https:\/\/indesmalla.com\/ca\/wp-json\/wp\/v2\/pages\/1232","targetHints":{"allow":["GET"]}}],"collection":[{"href":"https:\/\/indesmalla.com\/ca\/wp-json\/wp\/v2\/pages"}],"about":[{"href":"https:\/\/indesmalla.com\/ca\/wp-json\/wp\/v2\/types\/page"}],"author":[{"embeddable":true,"href":"https:\/\/indesmalla.com\/ca\/wp-json\/wp\/v2\/users\/1"}],"replies":[{"embeddable":true,"href":"https:\/\/indesmalla.com\/ca\/wp-json\/wp\/v2\/comments?post=1232"}],"version-history":[{"count":7,"href":"https:\/\/indesmalla.com\/ca\/wp-json\/wp\/v2\/pages\/1232\/revisions"}],"predecessor-version":[{"id":1239,"href":"https:\/\/indesmalla.com\/ca\/wp-json\/wp\/v2\/pages\/1232\/revisions\/1239"}],"wp:attachment":[{"href":"https:\/\/indesmalla.com\/ca\/wp-json\/wp\/v2\/media?parent=1232"}],"curies":[{"name":"wp","href":"https:\/\/api.w.org\/{rel}","templated":true}]}}